{"id":151332,"date":"2026-02-18T15:20:31","date_gmt":"2026-02-18T14:20:31","guid":{"rendered":"https:\/\/planted-box.com\/product\/1l-fles\/"},"modified":"2026-02-25T12:19:05","modified_gmt":"2026-02-25T11:19:05","slug":"bouteille-1l","status":"publish","type":"product","link":"https:\/\/planted-box.com\/fr\/product\/bouteille-1l\/","title":{"rendered":"Bouteille 1 litre"},"content":{"rendered":"","protected":false},"excerpt":{"rendered":"<p>Pr\u00e9parez facilement vos engrais liquides avec cette solide bouteille de 1 litre. Id\u00e9ale pour dissoudre des poudres, comme celles de l\u2019Estimative Index Kit ou d\u2019autres engrais.<\/p>\n<p>\u2705 Bouteille solide de 1 litre pour pr\u00e9parer des solutions stock<br \/>\n\u2705 Id\u00e9ale pour les poudres comme le Estimative Index Kit<br \/>\n\u2705 Bouchon \u00e0 vis \u00e9tanche pour un stockage s\u00fbr<br \/>\n\u2705 R\u00e9utilisable et facile \u00e0 nettoyer<\/p>\n","protected":false},"featured_media":151326,"comment_status":"open","ping_status":"closed","template":"","meta":{"_acf_changed":false,"bwfblock_default_font":""},"product_brand":[],"product_cat":[2023],"product_tag":[],"class_list":{"0":"post-151332","1":"product","2":"type-product","3":"status-publish","4":"has-post-thumbnail","6":"product_cat-engrais","7":"product_shipping_class-verzending-21","9":"first","10":"instock","11":"sale","12":"taxable","13":"shipping-taxable","14":"purchasable","15":"product-type-variable","16":"has-default-attributes"},"acf":[],"_links":{"self":[{"href":"https:\/\/planted-box.com\/fr\/wp-json\/wp\/v2\/product\/151332","targetHints":{"allow":["GET"]}}],"collection":[{"href":"https:\/\/planted-box.com\/fr\/wp-json\/wp\/v2\/product"}],"about":[{"href":"https:\/\/planted-box.com\/fr\/wp-json\/wp\/v2\/types\/product"}],"replies":[{"embeddable":true,"href":"https:\/\/planted-box.com\/fr\/wp-json\/wp\/v2\/comments?post=151332"}],"wp:featuredmedia":[{"embeddable":true,"href":"https:\/\/planted-box.com\/fr\/wp-json\/wp\/v2\/media\/151326"}],"wp:attachment":[{"href":"https:\/\/planted-box.com\/fr\/wp-json\/wp\/v2\/media?parent=151332"}],"wp:term":[{"taxonomy":"product_brand","embeddable":true,"href":"https:\/\/planted-box.com\/fr\/wp-json\/wp\/v2\/product_brand?post=151332"},{"taxonomy":"product_cat","embeddable":true,"href":"https:\/\/planted-box.com\/fr\/wp-json\/wp\/v2\/product_cat?post=151332"},{"taxonomy":"product_tag","embeddable":true,"href":"https:\/\/planted-box.com\/fr\/wp-json\/wp\/v2\/product_tag?post=151332"}],"curies":[{"name":"wp","href":"https:\/\/api.w.org\/{rel}","templated":true}]}}