{"id":146250,"date":"2024-12-18T14:32:08","date_gmt":"2024-12-18T13:32:08","guid":{"rendered":"https:\/\/planted-box.com\/product\/edge-co2-diffuser\/"},"modified":"2025-04-28T13:24:15","modified_gmt":"2025-04-28T11:24:15","slug":"edge-co2-diffuser","status":"publish","type":"product","link":"https:\/\/planted-box.com\/fr\/product\/edge-co2-diffuser\/","title":{"rendered":"\u00ab\u00a0Edge\u00a0\u00bb CO2 diffuser"},"content":{"rendered":"","protected":false},"excerpt":{"rendered":"<p>Vous avez un aquarium sans couvercle ? Avec le nouveau \u00ab Edge Diffuser \u00bb de PlantedBox, vous pouvez ajouter du CO2 \u00e0 votre aquarium de mani\u00e8re tr\u00e8s efficace. Non seulement ce diffuseur est \u00e9l\u00e9gant, vos plantes pousseront mieux gr\u00e2ce \u00e0 la meilleure r\u00e9partition du CO2.<\/p>\n<ul>\n<li>Nouvelle membrane : bulles de CO2 minuscules<\/li>\n<li>Jusqu&rsquo;\u00e0 2 fois plus efficace que la concurrence<\/li>\n<li>Fabriqu\u00e9 en acier : incassable<\/li>\n<li>Design \u00e9l\u00e9gant en aluminium bross\u00e9<\/li>\n<\/ul>\n<p>Une quantit\u00e9 suffisante de CO2, une bonne alimentation des plantes et un entretien r\u00e9gulier sont n\u00e9cessaires pour une croissance saine des plantes dans votre aquarium. Investissez donc dans un diffuseur de CO2 de qualit\u00e9 et vous profiterez davantage de votre aquarium.<\/p>\n","protected":false},"featured_media":139930,"comment_status":"open","ping_status":"closed","template":"","meta":{"_acf_changed":false,"bwfblock_default_font":""},"product_brand":[],"product_cat":[1902,1901],"product_tag":[],"class_list":{"0":"post-146250","1":"product","2":"type-product","3":"status-publish","4":"has-post-thumbnail","6":"product_cat-diffuseurs-co2","7":"product_cat-systemes-co2","8":"product_shipping_class-verzending-21","10":"first","11":"instock","12":"sale","13":"taxable","14":"shipping-taxable","15":"purchasable","16":"product-type-variable","17":"has-default-attributes"},"acf":[],"_links":{"self":[{"href":"https:\/\/planted-box.com\/fr\/wp-json\/wp\/v2\/product\/146250","targetHints":{"allow":["GET"]}}],"collection":[{"href":"https:\/\/planted-box.com\/fr\/wp-json\/wp\/v2\/product"}],"about":[{"href":"https:\/\/planted-box.com\/fr\/wp-json\/wp\/v2\/types\/product"}],"replies":[{"embeddable":true,"href":"https:\/\/planted-box.com\/fr\/wp-json\/wp\/v2\/comments?post=146250"}],"wp:featuredmedia":[{"embeddable":true,"href":"https:\/\/planted-box.com\/fr\/wp-json\/wp\/v2\/media\/139930"}],"wp:attachment":[{"href":"https:\/\/planted-box.com\/fr\/wp-json\/wp\/v2\/media?parent=146250"}],"wp:term":[{"taxonomy":"product_brand","embeddable":true,"href":"https:\/\/planted-box.com\/fr\/wp-json\/wp\/v2\/product_brand?post=146250"},{"taxonomy":"product_cat","embeddable":true,"href":"https:\/\/planted-box.com\/fr\/wp-json\/wp\/v2\/product_cat?post=146250"},{"taxonomy":"product_tag","embeddable":true,"href":"https:\/\/planted-box.com\/fr\/wp-json\/wp\/v2\/product_tag?post=146250"}],"curies":[{"name":"wp","href":"https:\/\/api.w.org\/{rel}","templated":true}]}}