{"id":139956,"date":"2024-03-13T15:57:35","date_gmt":"2024-03-13T14:57:35","guid":{"rendered":"https:\/\/planted-box.com\/product\/scape-diffuser\/"},"modified":"2026-04-12T08:44:52","modified_gmt":"2026-04-12T06:44:52","slug":"scape-diffuser","status":"publish","type":"product","link":"https:\/\/planted-box.com\/fr\/product\/scape-diffuser\/","title":{"rendered":"Scape Diffuser"},"content":{"rendered":"","protected":false},"excerpt":{"rendered":"<p>Voici le diffuseur id\u00e9al pour les aquascapers : tr\u00e8s beau et tr\u00e8s efficace \u00e0 la fois. Gr\u00e2ce \u00e0 la nouvelle membrane, les bulles de CO2 sont encore plus fines : avec son efficacit\u00e9 accrue, ce petit diffuseur convient m\u00eame aux gros aquariums.<\/p>\n<p>Les avantages de ce diffuseur de CO2 :<\/p>\n<p>\u2022 2x plus efficace que la concurrence<br \/>\n\u2022 Nouvelle membrane qui produit des bulles tr\u00e8s fines<br \/>\n\u2022 Fabriqu\u00e9 en verre acrylique : beaucoup moins fragile<br \/>\n\u2022 Tr\u00e8s beau design<br \/>\n\u2022 Fourni avec une solide ventouse pour une bonne fixation<br \/>\n\u2022 Conseils gratuits sur le blog, par mail et dans les e-books<\/p>\n<p>Ajoutez du CO2 avec style gr\u00e2ce \u00e0 ce diffuseur de CO2.<br \/>\n<strong>Prix de lancement : profitez-en maintenant !<\/strong><\/p>\n","protected":false},"featured_media":139667,"comment_status":"open","ping_status":"closed","template":"","meta":{"_acf_changed":false,"bwfblock_default_font":""},"product_brand":[],"product_cat":[1902],"product_tag":[],"class_list":{"0":"post-139956","1":"product","2":"type-product","3":"status-publish","4":"has-post-thumbnail","6":"product_cat-diffuseurs-co2","7":"pa_formaat-large-vanaf-200-liter-2-fr","8":"pa_formaat-medium-tot-200-liter-2-fr","9":"pa_formaat-nano-tot-100-liter-fr","11":"first","12":"instock","13":"sale","14":"taxable","15":"shipping-taxable","16":"purchasable","17":"product-type-variable","18":"has-default-attributes"},"acf":[],"_links":{"self":[{"href":"https:\/\/planted-box.com\/fr\/wp-json\/wp\/v2\/product\/139956","targetHints":{"allow":["GET"]}}],"collection":[{"href":"https:\/\/planted-box.com\/fr\/wp-json\/wp\/v2\/product"}],"about":[{"href":"https:\/\/planted-box.com\/fr\/wp-json\/wp\/v2\/types\/product"}],"replies":[{"embeddable":true,"href":"https:\/\/planted-box.com\/fr\/wp-json\/wp\/v2\/comments?post=139956"}],"wp:featuredmedia":[{"embeddable":true,"href":"https:\/\/planted-box.com\/fr\/wp-json\/wp\/v2\/media\/139667"}],"wp:attachment":[{"href":"https:\/\/planted-box.com\/fr\/wp-json\/wp\/v2\/media?parent=139956"}],"wp:term":[{"taxonomy":"product_brand","embeddable":true,"href":"https:\/\/planted-box.com\/fr\/wp-json\/wp\/v2\/product_brand?post=139956"},{"taxonomy":"product_cat","embeddable":true,"href":"https:\/\/planted-box.com\/fr\/wp-json\/wp\/v2\/product_cat?post=139956"},{"taxonomy":"product_tag","embeddable":true,"href":"https:\/\/planted-box.com\/fr\/wp-json\/wp\/v2\/product_tag?post=139956"}],"curies":[{"name":"wp","href":"https:\/\/api.w.org\/{rel}","templated":true}]}}