{"id":130938,"date":"2022-09-13T20:15:47","date_gmt":"2022-09-13T18:15:47","guid":{"rendered":"https:\/\/planted-box.com\/product\/dual-stage-co2-drukregelaar\/"},"modified":"2025-01-23T11:47:39","modified_gmt":"2025-01-23T10:47:39","slug":"detendeur-co2-pro-dual-stage","status":"publish","type":"product","link":"https:\/\/planted-box.com\/fr\/product\/detendeur-co2-pro-dual-stage\/","title":{"rendered":"D\u00e9tendeur de CO2 \u00ab\u00a0Pro Dual Stage\u00a0\u00bb"},"content":{"rendered":"","protected":false},"excerpt":{"rendered":"<p>Vous cherchez un d\u00e9tendeur de CO2 \u00e0 qualit\u00e9 sup\u00e9rieure ? Ou vous voulez connecter plusieurs aquariums \u00e0 un seul d d\u00e9tendeur de CO2 et r\u00e9gler le CO2 pour chaqua aquarium s\u00e9par\u00e9ment ? Le nouveau d\u00e9tendeur \u00ab\u00a0Pro Dual Stage\u00a0\u00bb de PlantedBox est parfait pour cela.<\/p>\n<ul>\n<li>V\u00e9ritable d\u00e9tendeur de CO2 \u00e0 double d\u00e9tente<\/li>\n<li>Vannes \u00e0 pointeau extensibles : jusqu&rsquo;\u00e0 5 aquariums sur 1 d\u00e9tendeur<\/li>\n<li>Compte-bulles gratuit<\/li>\n<li>R\u00e9glage pr\u00e9cis et facile<\/li>\n<li>Electrovanne 12V : tr\u00e8s silencieuse et chauffe beaucoup moins.<\/li>\n<li>Garantie de 10 ans sur le d\u00e9tendeur<\/li>\n<\/ul>\n<p>Ce d\u00e9tendeur de CO2 \u00e0 double d\u00e9tente et avec vannes \u00e0 pointeau extensibles est livr\u00e9 pr\u00eat \u00e0 l&#8217;emploi. Il est super facile \u00e0 installer gr\u00e2ce au guide de d\u00e9marrage rapide et, en plus, vous recevez\u00a0 un e-book complet (45 pages) pour r\u00e9gler parfaitement votre CO2.<\/p>\n","protected":false},"featured_media":130503,"comment_status":"open","ping_status":"closed","template":"","meta":{"_acf_changed":false,"bwfblock_default_font":""},"product_brand":[],"product_cat":[1910],"product_tag":[],"class_list":{"0":"post-130938","1":"product","2":"type-product","3":"status-publish","4":"has-post-thumbnail","6":"product_cat-detendeurs-co2-accessoires","7":"product_shipping_class-verzending-21","9":"first","10":"instock","11":"sale","12":"taxable","13":"shipping-taxable","14":"purchasable","15":"product-type-simple"},"acf":[],"_links":{"self":[{"href":"https:\/\/planted-box.com\/fr\/wp-json\/wp\/v2\/product\/130938","targetHints":{"allow":["GET"]}}],"collection":[{"href":"https:\/\/planted-box.com\/fr\/wp-json\/wp\/v2\/product"}],"about":[{"href":"https:\/\/planted-box.com\/fr\/wp-json\/wp\/v2\/types\/product"}],"replies":[{"embeddable":true,"href":"https:\/\/planted-box.com\/fr\/wp-json\/wp\/v2\/comments?post=130938"}],"wp:featuredmedia":[{"embeddable":true,"href":"https:\/\/planted-box.com\/fr\/wp-json\/wp\/v2\/media\/130503"}],"wp:attachment":[{"href":"https:\/\/planted-box.com\/fr\/wp-json\/wp\/v2\/media?parent=130938"}],"wp:term":[{"taxonomy":"product_brand","embeddable":true,"href":"https:\/\/planted-box.com\/fr\/wp-json\/wp\/v2\/product_brand?post=130938"},{"taxonomy":"product_cat","embeddable":true,"href":"https:\/\/planted-box.com\/fr\/wp-json\/wp\/v2\/product_cat?post=130938"},{"taxonomy":"product_tag","embeddable":true,"href":"https:\/\/planted-box.com\/fr\/wp-json\/wp\/v2\/product_tag?post=130938"}],"curies":[{"name":"wp","href":"https:\/\/api.w.org\/{rel}","templated":true}]}}