{"id":126659,"date":"2021-11-10T11:55:40","date_gmt":"2021-11-10T10:55:40","guid":{"rendered":"https:\/\/planted-box.com\/product\/all-in-one-lean-dosing\/"},"modified":"2026-04-29T15:55:33","modified_gmt":"2026-04-29T13:55:33","slug":"all-in-one-lean-dosing","status":"publish","type":"product","link":"https:\/\/planted-box.com\/fr\/product\/all-in-one-lean-dosing\/","title":{"rendered":"All-in-One \u00ab\u00a0Lean Dosing\u00a0\u00bb"},"content":{"rendered":"","protected":false},"excerpt":{"rendered":"<p>L&rsquo;engrais id\u00e9al pour les plantes d&rsquo;aquarium si vous souhaitez utiliser la m\u00e9thode de dosage \u00ab\u00a0Lean Dosing\u00a0\u00bb ! Cet engrais tout-en-un contient tous les nutriments importants dans un seul flacon pour des plantes d&rsquo;aquarium saines : nitrate, phosphate, fer, oligo-\u00e9l\u00e9ments, magn\u00e9sium, potassium et plus encore.<\/p>\n<p>&#8211; Rapport N:P parfait pour un dosage maigre<br \/>\n&#8211; Moins cher : tout dans une seule bouteille au lieu de 5 !<br \/>\n&#8211; Id\u00e9al en combinaison avec un bon sol technique<br \/>\n&#8211; Plus de couleurs rouges, plantes plus compactes et croissance plus lente.<br \/>\n&#8211; Qualit\u00e9 sup\u00e9rieure europ\u00e9enne<br \/>\n&#8211; Des conseils gratuits via le blog, les e-books et les guides.<\/p>\n<p>Le dosage est tr\u00e8s simple, quelques ml par jour. Pr\u00e9f\u00e9rez-vous un dosage plusieurs fois par semaine ou une fois par semaine ? C&rsquo;est possible aussi !<\/p>\n","protected":false},"featured_media":125648,"comment_status":"open","ping_status":"closed","template":"","meta":{"_acf_changed":false,"bwfblock_default_font":""},"product_brand":[],"product_cat":[2023,1896],"product_tag":[],"class_list":{"0":"post-126659","1":"product","2":"type-product","3":"status-publish","4":"has-post-thumbnail","6":"product_cat-engrais","7":"product_cat-engrais-liquides","8":"product_shipping_class-verzending-6","9":"pa_liters-1-liter-fr","10":"pa_liters-5-liter-fr","12":"first","13":"instock","14":"sale","15":"taxable","16":"shipping-taxable","17":"purchasable","18":"product-type-variable","19":"has-default-attributes"},"acf":[],"_links":{"self":[{"href":"https:\/\/planted-box.com\/fr\/wp-json\/wp\/v2\/product\/126659","targetHints":{"allow":["GET"]}}],"collection":[{"href":"https:\/\/planted-box.com\/fr\/wp-json\/wp\/v2\/product"}],"about":[{"href":"https:\/\/planted-box.com\/fr\/wp-json\/wp\/v2\/types\/product"}],"replies":[{"embeddable":true,"href":"https:\/\/planted-box.com\/fr\/wp-json\/wp\/v2\/comments?post=126659"}],"wp:featuredmedia":[{"embeddable":true,"href":"https:\/\/planted-box.com\/fr\/wp-json\/wp\/v2\/media\/125648"}],"wp:attachment":[{"href":"https:\/\/planted-box.com\/fr\/wp-json\/wp\/v2\/media?parent=126659"}],"wp:term":[{"taxonomy":"product_brand","embeddable":true,"href":"https:\/\/planted-box.com\/fr\/wp-json\/wp\/v2\/product_brand?post=126659"},{"taxonomy":"product_cat","embeddable":true,"href":"https:\/\/planted-box.com\/fr\/wp-json\/wp\/v2\/product_cat?post=126659"},{"taxonomy":"product_tag","embeddable":true,"href":"https:\/\/planted-box.com\/fr\/wp-json\/wp\/v2\/product_tag?post=126659"}],"curies":[{"name":"wp","href":"https:\/\/api.w.org\/{rel}","templated":true}]}}