{"id":126582,"date":"2014-01-25T23:20:31","date_gmt":"2014-01-25T22:20:31","guid":{"rendered":"https:\/\/planted-box.com\/product\/pro-pinsettes-gebogen\/"},"modified":"2026-04-29T16:01:46","modified_gmt":"2026-04-29T14:01:46","slug":"pince-pro-courbee","status":"publish","type":"product","link":"https:\/\/planted-box.com\/fr\/product\/pince-pro-courbee\/","title":{"rendered":"Pince Pro \u2013 courb\u00e9e"},"content":{"rendered":"","protected":false},"excerpt":{"rendered":"<p>Vous en avez marre des plantes qui se d\u00e9terrent ou des courbatures apr\u00e8s les s\u00e9ances de plantations ? Essayez donc cette pince courb\u00e9e pour aquarium, id\u00e9ale avec son poids plume !<\/p>\n<p>\u2022 Excellente flexibilit\u00e9 : vous \u201csentez\u201d mieux les plantes<br \/>\n\u2022 Bon maintien des plantes : \u00e9vitez d\u2019\u00e9craser par m\u00e9garde les racines des plantes<br \/>\n\u2022 Tr\u00e8s l\u00e9g\u00e8re et ergonomique<br \/>\n\u2022 Conseils gratuits via le blog, le forum, les e-books et par e-mail<\/p>\n<p>Avec la Pince Pro, vous vous assurez que les racines de vos plantes ne soient pas ab\u00eem\u00e9es lorsque vous les plantez ou les d\u00e9placez. Parce que vous aussi, vous voulez que ces plantes s\u2019installent bien, non ?<\/p>\n","protected":false},"featured_media":125182,"comment_status":"open","ping_status":"closed","template":"","meta":{"_acf_changed":false,"bwfblock_default_font":""},"product_brand":[],"product_cat":[1897,1898],"product_tag":[],"class_list":{"0":"post-126582","1":"product","2":"type-product","3":"status-publish","4":"has-post-thumbnail","6":"product_cat-outils-aquascaping","7":"product_cat-pinces-aquarium","8":"product_shipping_class-verzending-21","9":"pa_versie-extra-large-30-cm-fr","10":"pa_versie-large-27-cm-fr","11":"pa_versie-medium-21-cm-fr","12":"pa_versie-small-16-cm-fr","14":"first","15":"instock","16":"sale","17":"taxable","18":"shipping-taxable","19":"purchasable","20":"product-type-variable","21":"has-default-attributes"},"acf":[],"_links":{"self":[{"href":"https:\/\/planted-box.com\/fr\/wp-json\/wp\/v2\/product\/126582","targetHints":{"allow":["GET"]}}],"collection":[{"href":"https:\/\/planted-box.com\/fr\/wp-json\/wp\/v2\/product"}],"about":[{"href":"https:\/\/planted-box.com\/fr\/wp-json\/wp\/v2\/types\/product"}],"replies":[{"embeddable":true,"href":"https:\/\/planted-box.com\/fr\/wp-json\/wp\/v2\/comments?post=126582"}],"wp:featuredmedia":[{"embeddable":true,"href":"https:\/\/planted-box.com\/fr\/wp-json\/wp\/v2\/media\/125182"}],"wp:attachment":[{"href":"https:\/\/planted-box.com\/fr\/wp-json\/wp\/v2\/media?parent=126582"}],"wp:term":[{"taxonomy":"product_brand","embeddable":true,"href":"https:\/\/planted-box.com\/fr\/wp-json\/wp\/v2\/product_brand?post=126582"},{"taxonomy":"product_cat","embeddable":true,"href":"https:\/\/planted-box.com\/fr\/wp-json\/wp\/v2\/product_cat?post=126582"},{"taxonomy":"product_tag","embeddable":true,"href":"https:\/\/planted-box.com\/fr\/wp-json\/wp\/v2\/product_tag?post=126582"}],"curies":[{"name":"wp","href":"https:\/\/api.w.org\/{rel}","templated":true}]}}