{"id":126574,"date":"2014-01-25T13:10:34","date_gmt":"2014-01-25T12:10:34","guid":{"rendered":"https:\/\/planted-box.com\/product\/pro-pinsettes-recht\/"},"modified":"2025-11-18T11:23:40","modified_gmt":"2025-11-18T10:23:40","slug":"pince-pro-droite","status":"publish","type":"product","link":"https:\/\/planted-box.com\/fr\/product\/pince-pro-droite\/","title":{"rendered":"Pince Pro \u2013 droite"},"content":{"rendered":"","protected":false},"excerpt":{"rendered":"<p>Cette pince droite pour aquarium, particuli\u00e8rement l\u00e9g\u00e8re et ergonomique, est id\u00e9ale pour installer vos plantes dans votre aquarium sans les ab\u00eemer ni les d\u00e9terrer par m\u00e9garde.<\/p>\n<p>Parfaite pour l\u2019aquascaper exigeant !<\/p>\n<p>\u2022 Fabriqu\u00e9e en acier japonais chirurgical : solide, l\u00e9g\u00e8re et facile d\u2019entretien<br \/>\n\u2022 Parfaite r\u00e9partition de la pression : moins de risque d\u2019\u00e9craser les feuilles ou les racines<br \/>\n\u2022 Prise en main ergonomique, pour une plantation des plus agr\u00e9ables<br \/>\n\u2022 Conseils gratuits via le blog, le forum, les e-books et par e-mail<\/p>\n<p>Vous aussi, vous voulez que vos plantes restent intactes lors de la plantation ? Eh bien, avec cette pince \u00e0 planter pour aquarium, vous en avez la certitude&#8230;<\/p>\n","protected":false},"featured_media":125186,"comment_status":"open","ping_status":"closed","template":"","meta":{"_acf_changed":false,"bwfblock_default_font":""},"product_brand":[],"product_cat":[1897,1898],"product_tag":[],"class_list":{"0":"post-126574","1":"product","2":"type-product","3":"status-publish","4":"has-post-thumbnail","6":"product_cat-outils-aquascaping","7":"product_cat-pinces-aquarium","8":"product_shipping_class-verzending-21","9":"pa_versie-extra-large-30-cm-fr","10":"pa_versie-large-27-cm-fr","11":"pa_versie-medium-21-cm-fr","12":"pa_versie-small-16-cm-fr","14":"first","15":"instock","16":"sale","17":"taxable","18":"shipping-taxable","19":"purchasable","20":"product-type-variable","21":"has-default-attributes"},"acf":[],"_links":{"self":[{"href":"https:\/\/planted-box.com\/fr\/wp-json\/wp\/v2\/product\/126574","targetHints":{"allow":["GET"]}}],"collection":[{"href":"https:\/\/planted-box.com\/fr\/wp-json\/wp\/v2\/product"}],"about":[{"href":"https:\/\/planted-box.com\/fr\/wp-json\/wp\/v2\/types\/product"}],"replies":[{"embeddable":true,"href":"https:\/\/planted-box.com\/fr\/wp-json\/wp\/v2\/comments?post=126574"}],"wp:featuredmedia":[{"embeddable":true,"href":"https:\/\/planted-box.com\/fr\/wp-json\/wp\/v2\/media\/125186"}],"wp:attachment":[{"href":"https:\/\/planted-box.com\/fr\/wp-json\/wp\/v2\/media?parent=126574"}],"wp:term":[{"taxonomy":"product_brand","embeddable":true,"href":"https:\/\/planted-box.com\/fr\/wp-json\/wp\/v2\/product_brand?post=126574"},{"taxonomy":"product_cat","embeddable":true,"href":"https:\/\/planted-box.com\/fr\/wp-json\/wp\/v2\/product_cat?post=126574"},{"taxonomy":"product_tag","embeddable":true,"href":"https:\/\/planted-box.com\/fr\/wp-json\/wp\/v2\/product_tag?post=126574"}],"curies":[{"name":"wp","href":"https:\/\/api.w.org\/{rel}","templated":true}]}}