{"id":126569,"date":"2014-01-26T12:44:08","date_gmt":"2014-01-26T11:44:08","guid":{"rendered":"https:\/\/planted-box.com\/product\/pro-scissors-gebogen\/"},"modified":"2025-12-11T11:21:45","modified_gmt":"2025-12-11T10:21:45","slug":"ciseaux-pro-courbes","status":"publish","type":"product","link":"https:\/\/planted-box.com\/fr\/product\/ciseaux-pro-courbes\/","title":{"rendered":"Ciseaux Pro \u2013 courb\u00e9s"},"content":{"rendered":"","protected":false},"excerpt":{"rendered":"<p>Vous cherchez des ciseaux pour plantes d\u2019aquarium de bonne qualit\u00e9 vous permettant d\u2019atteindre les zones les plus difficiles d\u2019acc\u00e8s ? Et \u00e7a, sans risquer d\u2019arracher vos plantes ? Essayez donc ces Ciseaux Pro courb\u00e9s&#8230;<\/p>\n<p>\u2022 Acier chirurgical japonais : inoxydable, tr\u00e8s solide et hyper tranchant<br \/>\n\u2022 Forme ergonomique : finis les doigts douloureux !<br \/>\n\u2022 Bien longs pour m\u00eame convenir aux plus gros aquariums<br \/>\n\u2022 Ne se plie pas comme certains ciseaux bon march\u00e9<br \/>\n\u2022 Conseils gratuits via le blog, le forum, les e-books et par e-mail<\/p>\n<p>Ces ciseaux d\u2019aquarium sont parfaits pour ceux qui taillent leurs plantes r\u00e9guli\u00e8rement, ils ont une tr\u00e8s longue dur\u00e9e de vie et restent tranchants tr\u00e8s longtemps.<\/p>\n","protected":false},"featured_media":125166,"comment_status":"open","ping_status":"closed","template":"","meta":{"_acf_changed":false,"bwfblock_default_font":""},"product_brand":[],"product_cat":[1899,1897],"product_tag":[],"class_list":{"0":"post-126569","1":"product","2":"type-product","3":"status-publish","4":"has-post-thumbnail","6":"product_cat-ciseaux-aquarium","7":"product_cat-outils-aquascaping","8":"product_shipping_class-verzending-21","9":"pa_lengte-extra-large-36-cm-fr","10":"pa_lengte-large-30-cm-fr","11":"pa_lengte-medium-25-cm-fr","13":"first","14":"instock","15":"taxable","16":"shipping-taxable","17":"purchasable","18":"product-type-variable","19":"has-default-attributes"},"acf":[],"_links":{"self":[{"href":"https:\/\/planted-box.com\/fr\/wp-json\/wp\/v2\/product\/126569","targetHints":{"allow":["GET"]}}],"collection":[{"href":"https:\/\/planted-box.com\/fr\/wp-json\/wp\/v2\/product"}],"about":[{"href":"https:\/\/planted-box.com\/fr\/wp-json\/wp\/v2\/types\/product"}],"replies":[{"embeddable":true,"href":"https:\/\/planted-box.com\/fr\/wp-json\/wp\/v2\/comments?post=126569"}],"wp:featuredmedia":[{"embeddable":true,"href":"https:\/\/planted-box.com\/fr\/wp-json\/wp\/v2\/media\/125166"}],"wp:attachment":[{"href":"https:\/\/planted-box.com\/fr\/wp-json\/wp\/v2\/media?parent=126569"}],"wp:term":[{"taxonomy":"product_brand","embeddable":true,"href":"https:\/\/planted-box.com\/fr\/wp-json\/wp\/v2\/product_brand?post=126569"},{"taxonomy":"product_cat","embeddable":true,"href":"https:\/\/planted-box.com\/fr\/wp-json\/wp\/v2\/product_cat?post=126569"},{"taxonomy":"product_tag","embeddable":true,"href":"https:\/\/planted-box.com\/fr\/wp-json\/wp\/v2\/product_tag?post=126569"}],"curies":[{"name":"wp","href":"https:\/\/api.w.org\/{rel}","templated":true}]}}