{"id":126562,"date":"2014-01-26T14:58:57","date_gmt":"2014-01-26T13:58:57","guid":{"rendered":"https:\/\/planted-box.com\/product\/deluxe-toolkit\/"},"modified":"2026-03-26T14:39:50","modified_gmt":"2026-03-26T13:39:50","slug":"kit-aquascaping-deluxe","status":"publish","type":"product","link":"https:\/\/planted-box.com\/fr\/product\/kit-aquascaping-deluxe\/","title":{"rendered":"Kit aquascaping Deluxe"},"content":{"rendered":"","protected":false},"excerpt":{"rendered":"<p>Vous avez d\u00e9j\u00e0 de bons ciseaux pour plantes d\u2019aquarium, mais vous cherchez tout de m\u00eame quelque chose de sp\u00e9cial pour tailler vos plantes tapissantes ou atteindre des zones difficiles d\u2019acc\u00e8s ? Alors il vous faut ce kit aquascaping Deluxe ! Pourquoi ?<\/p>\n<p>\u2022 Taille rapide et facile de grandes quantit\u00e9s de plantes tapissantes<br \/>\n\u2022 Ciseaux hyper tranchants : pour tailler les plantes sans les ab\u00eemer !<br \/>\n\u2022 Entretien facile et forme ergonomique<br \/>\n\u2022 Acier japonais : ciseaux tr\u00e8s solides, qui ne plient pas comme les ciseaux bon march\u00e9<br \/>\n\u2022 Conseils gratuits via le blog, le forum, les e-books et par e-mail<\/p>\n<p>Ce kit d\u2019outils pour aquascaping est bien plus \u00e9conomique que les deux paires de ciseaux achet\u00e9es s\u00e9par\u00e9ment. Un must pour l\u2019aquascaper exigeant !<\/p>\n","protected":false},"featured_media":125172,"comment_status":"open","ping_status":"closed","template":"","meta":{"_acf_changed":false,"bwfblock_default_font":""},"product_brand":[],"product_cat":[1900,1897],"product_tag":[],"class_list":{"0":"post-126562","1":"product","2":"type-product","3":"status-publish","4":"has-post-thumbnail","6":"product_cat-kits-outillage","7":"product_cat-outils-aquascaping","8":"product_shipping_class-verzending-21","10":"first","11":"outofstock","12":"sale","13":"taxable","14":"shipping-taxable","15":"purchasable","16":"product-type-simple"},"acf":[],"_links":{"self":[{"href":"https:\/\/planted-box.com\/fr\/wp-json\/wp\/v2\/product\/126562","targetHints":{"allow":["GET"]}}],"collection":[{"href":"https:\/\/planted-box.com\/fr\/wp-json\/wp\/v2\/product"}],"about":[{"href":"https:\/\/planted-box.com\/fr\/wp-json\/wp\/v2\/types\/product"}],"replies":[{"embeddable":true,"href":"https:\/\/planted-box.com\/fr\/wp-json\/wp\/v2\/comments?post=126562"}],"wp:featuredmedia":[{"embeddable":true,"href":"https:\/\/planted-box.com\/fr\/wp-json\/wp\/v2\/media\/125172"}],"wp:attachment":[{"href":"https:\/\/planted-box.com\/fr\/wp-json\/wp\/v2\/media?parent=126562"}],"wp:term":[{"taxonomy":"product_brand","embeddable":true,"href":"https:\/\/planted-box.com\/fr\/wp-json\/wp\/v2\/product_brand?post=126562"},{"taxonomy":"product_cat","embeddable":true,"href":"https:\/\/planted-box.com\/fr\/wp-json\/wp\/v2\/product_cat?post=126562"},{"taxonomy":"product_tag","embeddable":true,"href":"https:\/\/planted-box.com\/fr\/wp-json\/wp\/v2\/product_tag?post=126562"}],"curies":[{"name":"wp","href":"https:\/\/api.w.org\/{rel}","templated":true}]}}