{"id":126559,"date":"2014-01-26T13:06:25","date_gmt":"2014-01-26T12:06:25","guid":{"rendered":"https:\/\/planted-box.com\/product\/beginners-toolkit\/"},"modified":"2024-12-29T18:07:00","modified_gmt":"2024-12-29T17:07:00","slug":"kit-aquascaping-debutants","status":"publish","type":"product","link":"https:\/\/planted-box.com\/fr\/product\/kit-aquascaping-debutants\/","title":{"rendered":"Kit aquascaping D\u00e9butants"},"content":{"rendered":"","protected":false},"excerpt":{"rendered":"<p>Vous n\u2019avez pas encore de ciseaux ni de pince pour plantes d\u2019aquarium ? Avec cette trousse \u00e0 outils d\u2019aquascaping, vous avez directement tout ce qu\u2019il vous faut. Et en plus, ces outils sont d\u2019une excellente qualit\u00e9 !<\/p>\n<p>\u2022 Tr\u00e8s bonne prise en main. Donc pas de doigts douloureux lors de s\u00e9ances de taille prolong\u00e9es<br \/>\n\u2022 Fabrication en acier japonais : les outils sont inoxydables et les ciseaux restent hyper tranchants<br \/>\n\u2022 Outils tr\u00e8s solides, qui ne se plient pas comme les outils bon march\u00e9<br \/>\n\u2022 Un must pour tout aquascaper !<br \/>\n\u2022 Conseils gratuits via le blog, le forum, les e-books et par e-mail<\/p>\n<p>Ce kit d\u2019outils pour aquascaping est un excellent investissement pour un magnifique aquascape !<\/p>\n","protected":false},"featured_media":125144,"comment_status":"open","ping_status":"closed","template":"","meta":{"_acf_changed":false,"bwfblock_default_font":""},"product_brand":[],"product_cat":[1900,1897],"product_tag":[],"class_list":{"0":"post-126559","1":"product","2":"type-product","3":"status-publish","4":"has-post-thumbnail","6":"product_cat-kits-outillage","7":"product_cat-outils-aquascaping","8":"product_shipping_class-verzending-21","10":"first","11":"outofstock","12":"sale","13":"taxable","14":"shipping-taxable","15":"purchasable","16":"product-type-simple"},"acf":[],"_links":{"self":[{"href":"https:\/\/planted-box.com\/fr\/wp-json\/wp\/v2\/product\/126559","targetHints":{"allow":["GET"]}}],"collection":[{"href":"https:\/\/planted-box.com\/fr\/wp-json\/wp\/v2\/product"}],"about":[{"href":"https:\/\/planted-box.com\/fr\/wp-json\/wp\/v2\/types\/product"}],"replies":[{"embeddable":true,"href":"https:\/\/planted-box.com\/fr\/wp-json\/wp\/v2\/comments?post=126559"}],"wp:featuredmedia":[{"embeddable":true,"href":"https:\/\/planted-box.com\/fr\/wp-json\/wp\/v2\/media\/125144"}],"wp:attachment":[{"href":"https:\/\/planted-box.com\/fr\/wp-json\/wp\/v2\/media?parent=126559"}],"wp:term":[{"taxonomy":"product_brand","embeddable":true,"href":"https:\/\/planted-box.com\/fr\/wp-json\/wp\/v2\/product_brand?post=126559"},{"taxonomy":"product_cat","embeddable":true,"href":"https:\/\/planted-box.com\/fr\/wp-json\/wp\/v2\/product_cat?post=126559"},{"taxonomy":"product_tag","embeddable":true,"href":"https:\/\/planted-box.com\/fr\/wp-json\/wp\/v2\/product_tag?post=126559"}],"curies":[{"name":"wp","href":"https:\/\/api.w.org\/{rel}","templated":true}]}}