{"id":126557,"date":"2014-01-26T13:16:35","date_gmt":"2014-01-26T12:16:35","guid":{"rendered":"https:\/\/planted-box.com\/product\/professionele-toolkit\/"},"modified":"2026-03-26T14:38:10","modified_gmt":"2026-03-26T13:38:10","slug":"kit-aquascaping-professionnel","status":"publish","type":"product","link":"https:\/\/planted-box.com\/fr\/product\/kit-aquascaping-professionnel\/","title":{"rendered":"Kit aquascaping professionnel"},"content":{"rendered":"","protected":false},"excerpt":{"rendered":"<p>Vous aussi, vous r\u00eavez d\u2019un magnifique aquascape ? Vous devez alors investir dans du bon mat\u00e9riel ! Avec cette trousse \u00e0 outils d\u2019aquascaping, vous avez tout ce qu\u2019il vous faut pour vous lancer dans un aquascape vraiment r\u00e9ussi.<\/p>\n<p>\u2022 Les outils ont une forme tr\u00e8s ergonomique. Finis les doigts douloureux !<br \/>\n\u2022 Tr\u00e8s solides, ils ne se plient pas comme les outils bon march\u00e9<br \/>\n\u2022 Taille particuli\u00e8rement facile et rapide de vos plantes<br \/>\n\u2022 Qualit\u00e9 chirurgicale : outils solides et faciles d\u2019entretien, ciseaux ultra tranchants<br \/>\n\u2022 Ensemble fourni dans une trousse pratique<br \/>\n\u2022 Conseils gratuits via le blog, le forum, les e-books et par e-mail<\/p>\n<p>Avec ce kit d\u2019outils pour aquascaping, vous pouvez d\u00e9j\u00e0 aller tr\u00e8s loin ! Vous recevez deux paires de ciseaux, deux pinces et un sand flattener. Le tout dans une qualit\u00e9 chirurgicale professionnelle !<\/p>\n","protected":false},"featured_media":125149,"comment_status":"open","ping_status":"closed","template":"","meta":{"_acf_changed":false,"bwfblock_default_font":""},"product_brand":[],"product_cat":[1900,1897],"product_tag":[],"class_list":{"0":"post-126557","1":"product","2":"type-product","3":"status-publish","4":"has-post-thumbnail","6":"product_cat-kits-outillage","7":"product_cat-outils-aquascaping","8":"product_shipping_class-verzending-21","10":"first","11":"outofstock","12":"sale","13":"taxable","14":"shipping-taxable","15":"purchasable","16":"product-type-simple"},"acf":[],"_links":{"self":[{"href":"https:\/\/planted-box.com\/fr\/wp-json\/wp\/v2\/product\/126557","targetHints":{"allow":["GET"]}}],"collection":[{"href":"https:\/\/planted-box.com\/fr\/wp-json\/wp\/v2\/product"}],"about":[{"href":"https:\/\/planted-box.com\/fr\/wp-json\/wp\/v2\/types\/product"}],"replies":[{"embeddable":true,"href":"https:\/\/planted-box.com\/fr\/wp-json\/wp\/v2\/comments?post=126557"}],"wp:featuredmedia":[{"embeddable":true,"href":"https:\/\/planted-box.com\/fr\/wp-json\/wp\/v2\/media\/125149"}],"wp:attachment":[{"href":"https:\/\/planted-box.com\/fr\/wp-json\/wp\/v2\/media?parent=126557"}],"wp:term":[{"taxonomy":"product_brand","embeddable":true,"href":"https:\/\/planted-box.com\/fr\/wp-json\/wp\/v2\/product_brand?post=126557"},{"taxonomy":"product_cat","embeddable":true,"href":"https:\/\/planted-box.com\/fr\/wp-json\/wp\/v2\/product_cat?post=126557"},{"taxonomy":"product_tag","embeddable":true,"href":"https:\/\/planted-box.com\/fr\/wp-json\/wp\/v2\/product_tag?post=126557"}],"curies":[{"name":"wp","href":"https:\/\/api.w.org\/{rel}","templated":true}]}}