{"id":126550,"date":"2014-01-25T12:24:46","date_gmt":"2014-01-25T11:24:46","guid":{"rendered":"https:\/\/planted-box.com\/product\/sushi-pinsettes\/"},"modified":"2024-12-03T00:20:02","modified_gmt":"2024-12-02T23:20:02","slug":"pince-sushi","status":"publish","type":"product","link":"https:\/\/planted-box.com\/fr\/product\/pince-sushi\/","title":{"rendered":"Pince Sushi"},"content":{"rendered":"","protected":false},"excerpt":{"rendered":"<p>Vous avez un aquarium avec des coins et recoins difficiles \u00e0 atteindre ? Difficile d\u2019aller y installer des plantes, non ? Eh bien, avec la forme sp\u00e9ciale de la Pince Sushi, la plantation devient un jeu d\u2019enfant :<\/p>\n<p>\u2022 Id\u00e9ale pour tous les aquariums, des plus petits aux plus grands<br \/>\n\u2022 Qualit\u00e9 chirurgicale et acier inoxydable : tr\u00e8s longue dur\u00e9e de vie !<br \/>\n\u2022 20 cm de long<br \/>\n\u2022 Excellente r\u00e9partition de la pression : moins de risques d\u2019\u00e9craser les feuilles<br \/>\n\u2022 Conseils gratuits via le blog, le forum, les e-books et par e-mail<\/p>\n<p>Finies les injures et les crampes aux \u00e9paules pendant la plantation. Commandez maintenant votre Pince Sushi !<\/p>\n","protected":false},"featured_media":125190,"comment_status":"open","ping_status":"closed","template":"","meta":{"_acf_changed":false,"bwfblock_default_font":""},"product_brand":[],"product_cat":[1897,1898],"product_tag":[],"class_list":{"0":"post-126550","1":"product","2":"type-product","3":"status-publish","4":"has-post-thumbnail","6":"product_cat-outils-aquascaping","7":"product_cat-pinces-aquarium","8":"product_shipping_class-verzending-21","10":"first","11":"instock","12":"taxable","13":"shipping-taxable","14":"purchasable","15":"product-type-simple"},"acf":[],"_links":{"self":[{"href":"https:\/\/planted-box.com\/fr\/wp-json\/wp\/v2\/product\/126550","targetHints":{"allow":["GET"]}}],"collection":[{"href":"https:\/\/planted-box.com\/fr\/wp-json\/wp\/v2\/product"}],"about":[{"href":"https:\/\/planted-box.com\/fr\/wp-json\/wp\/v2\/types\/product"}],"replies":[{"embeddable":true,"href":"https:\/\/planted-box.com\/fr\/wp-json\/wp\/v2\/comments?post=126550"}],"wp:featuredmedia":[{"embeddable":true,"href":"https:\/\/planted-box.com\/fr\/wp-json\/wp\/v2\/media\/125190"}],"wp:attachment":[{"href":"https:\/\/planted-box.com\/fr\/wp-json\/wp\/v2\/media?parent=126550"}],"wp:term":[{"taxonomy":"product_brand","embeddable":true,"href":"https:\/\/planted-box.com\/fr\/wp-json\/wp\/v2\/product_brand?post=126550"},{"taxonomy":"product_cat","embeddable":true,"href":"https:\/\/planted-box.com\/fr\/wp-json\/wp\/v2\/product_cat?post=126550"},{"taxonomy":"product_tag","embeddable":true,"href":"https:\/\/planted-box.com\/fr\/wp-json\/wp\/v2\/product_tag?post=126550"}],"curies":[{"name":"wp","href":"https:\/\/api.w.org\/{rel}","templated":true}]}}