{"id":126543,"date":"2014-01-25T23:46:19","date_gmt":"2014-01-25T22:46:19","guid":{"rendered":"https:\/\/planted-box.com\/product\/nude-scissor\/"},"modified":"2024-10-08T09:32:48","modified_gmt":"2024-10-08T07:32:48","slug":"ciseaux-nude","status":"publish","type":"product","link":"https:\/\/planted-box.com\/fr\/product\/ciseaux-nude\/","title":{"rendered":"Ciseaux Nude"},"content":{"rendered":"","protected":false},"excerpt":{"rendered":"<p>Vous avez beaucoup de plantes couvre-sol, comme Hemianthus callitrichoides ou Eleocharis acicularis ? Elles sont difficiles \u00e0 tailler avec des ciseaux classiques pour aquarium, hein ?<\/p>\n<p>\u2022 Taille rapide de grandes quantit\u00e9s de plantes couvre-sol<br \/>\n\u2022 Taille de grande pr\u00e9cision pour un aquascape \u00e9l\u00e9gant<br \/>\n\u2022 Forme ergonomique : finis les bras douloureux !<br \/>\n\u2022 Parfaits pour les zones difficiles d\u2019acc\u00e8s<br \/>\n\u2022 Conseils gratuits via le blog, le forum, les e-books et par e-mail<\/p>\n<p>Un must pour l\u2019aquascaper exigeant ! Ces Ciseaux Nude facilitent grandement la taille des plantes gr\u00e2ce \u00e0 sa forme sp\u00e9ciale.<\/p>\n","protected":false},"featured_media":125172,"comment_status":"open","ping_status":"closed","template":"","meta":{"_acf_changed":false,"bwfblock_default_font":""},"product_brand":[],"product_cat":[1899,1897],"product_tag":[],"class_list":{"0":"post-126543","1":"product","2":"type-product","3":"status-publish","4":"has-post-thumbnail","6":"product_cat-ciseaux-aquarium","7":"product_cat-outils-aquascaping","8":"product_shipping_class-verzending-21","10":"first","11":"outofstock","12":"taxable","13":"shipping-taxable","14":"purchasable","15":"product-type-simple"},"acf":[],"_links":{"self":[{"href":"https:\/\/planted-box.com\/fr\/wp-json\/wp\/v2\/product\/126543","targetHints":{"allow":["GET"]}}],"collection":[{"href":"https:\/\/planted-box.com\/fr\/wp-json\/wp\/v2\/product"}],"about":[{"href":"https:\/\/planted-box.com\/fr\/wp-json\/wp\/v2\/types\/product"}],"replies":[{"embeddable":true,"href":"https:\/\/planted-box.com\/fr\/wp-json\/wp\/v2\/comments?post=126543"}],"wp:featuredmedia":[{"embeddable":true,"href":"https:\/\/planted-box.com\/fr\/wp-json\/wp\/v2\/media\/125172"}],"wp:attachment":[{"href":"https:\/\/planted-box.com\/fr\/wp-json\/wp\/v2\/media?parent=126543"}],"wp:term":[{"taxonomy":"product_brand","embeddable":true,"href":"https:\/\/planted-box.com\/fr\/wp-json\/wp\/v2\/product_brand?post=126543"},{"taxonomy":"product_cat","embeddable":true,"href":"https:\/\/planted-box.com\/fr\/wp-json\/wp\/v2\/product_cat?post=126543"},{"taxonomy":"product_tag","embeddable":true,"href":"https:\/\/planted-box.com\/fr\/wp-json\/wp\/v2\/product_tag?post=126543"}],"curies":[{"name":"wp","href":"https:\/\/api.w.org\/{rel}","templated":true}]}}