{"id":126541,"date":"2017-11-15T23:32:40","date_gmt":"2017-11-15T22:32:40","guid":{"rendered":"https:\/\/planted-box.com\/product\/wave-scissor\/"},"modified":"2024-10-08T09:32:48","modified_gmt":"2024-10-08T07:32:48","slug":"ciseaux-wave","status":"publish","type":"product","link":"https:\/\/planted-box.com\/fr\/product\/ciseaux-wave\/","title":{"rendered":"Ciseaux Wave"},"content":{"rendered":"","protected":false},"excerpt":{"rendered":"<p>Vous aussi, vous \u00eates fan de plantes de premier plan ? Vous avez sans doute remarqu\u00e9 qu\u2019elles ne sont pas faciles \u00e0 tailler sans douleurs aux bras ! Avec ces Ciseaux Wave, c\u2019est du pass\u00e9\u2026<\/p>\n<p>\u2022 Acier japonais : inoxydable et tranchant comme un rasoir pour tailler vos plantes sans les ab\u00eemer<br \/>\n\u2022 Tr\u00e8s l\u00e9gers et ergonomiques : finis les doigts douloureux !<br \/>\n\u2022 Parfaits pour tailler vos plantes tapissantes de mani\u00e8re pr\u00e9cise et rapide, ils vous font gagner du temps.<\/p>\n<p>Avec ces ciseaux \u00e0 double courbure pour aquarium, vous pouvez tailler vos plantes gazonnantes en toute simplicit\u00e9, pour un r\u00e9sultat r\u00e9gulier. Ils sont parfaits pour un aquascape bien net !<\/p>\n","protected":false},"featured_media":125162,"comment_status":"open","ping_status":"closed","template":"","meta":{"_acf_changed":false,"bwfblock_default_font":""},"product_brand":[],"product_cat":[1899,1897],"product_tag":[],"class_list":{"0":"post-126541","1":"product","2":"type-product","3":"status-publish","4":"has-post-thumbnail","6":"product_cat-ciseaux-aquarium","7":"product_cat-outils-aquascaping","8":"product_shipping_class-verzending-21","10":"first","11":"instock","12":"sale","13":"taxable","14":"shipping-taxable","15":"purchasable","16":"product-type-simple"},"acf":[],"_links":{"self":[{"href":"https:\/\/planted-box.com\/fr\/wp-json\/wp\/v2\/product\/126541","targetHints":{"allow":["GET"]}}],"collection":[{"href":"https:\/\/planted-box.com\/fr\/wp-json\/wp\/v2\/product"}],"about":[{"href":"https:\/\/planted-box.com\/fr\/wp-json\/wp\/v2\/types\/product"}],"replies":[{"embeddable":true,"href":"https:\/\/planted-box.com\/fr\/wp-json\/wp\/v2\/comments?post=126541"}],"wp:featuredmedia":[{"embeddable":true,"href":"https:\/\/planted-box.com\/fr\/wp-json\/wp\/v2\/media\/125162"}],"wp:attachment":[{"href":"https:\/\/planted-box.com\/fr\/wp-json\/wp\/v2\/media?parent=126541"}],"wp:term":[{"taxonomy":"product_brand","embeddable":true,"href":"https:\/\/planted-box.com\/fr\/wp-json\/wp\/v2\/product_brand?post=126541"},{"taxonomy":"product_cat","embeddable":true,"href":"https:\/\/planted-box.com\/fr\/wp-json\/wp\/v2\/product_cat?post=126541"},{"taxonomy":"product_tag","embeddable":true,"href":"https:\/\/planted-box.com\/fr\/wp-json\/wp\/v2\/product_tag?post=126541"}],"curies":[{"name":"wp","href":"https:\/\/api.w.org\/{rel}","templated":true}]}}