{"id":126525,"date":"2014-01-20T21:56:35","date_gmt":"2014-01-20T20:56:35","guid":{"rendered":"https:\/\/planted-box.com\/product\/estimative-index-kit\/"},"modified":"2026-04-13T11:57:49","modified_gmt":"2026-04-13T09:57:49","slug":"kit-engrais-maison","status":"publish","type":"product","link":"https:\/\/planted-box.com\/fr\/product\/kit-engrais-maison\/","title":{"rendered":"Kit pour engrais maison"},"content":{"rendered":"","protected":false},"excerpt":{"rendered":"<p>Pr\u00e9parez en toute simplicit\u00e9 votre engrais maison pour aquarium.<\/p>\n<p>Ce \u201cKit pour Engrais Maison\u201d comprend tout ce dont vos plantes d\u2019aquarium ont besoin pour s\u2019\u00e9panouir, y compris des instructions pratiques pour pr\u00e9parer vos solutions facilement.<\/p>\n<p>\u2022 Tr\u00e8s facile \u00e0 pr\u00e9parer avec la cuill\u00e8re fournie<br \/>\n\u2022 Vos plantes adorent : elles deviennent plus fortes, plus grosses, plus color\u00e9es, \u2026<br \/>\n\u2022 Vraiment tout pour des plantes saines dans un seul kit : \u00e9conomique et facile !<br \/>\n\u2022 Qualit\u00e9 sup\u00e9rieure europ\u00e9enne<br \/>\n\u2022 Vos solutions se conservent longtemps, pas de formation de moisissures !<br \/>\n\u2022 Fourni dans des sachets refermables et avec des instructions claires<br \/>\n\u2022 Ne cause pas l\u2019apparition des algues et inoffensif pour vos poissons<br \/>\n\u2022 Conseils gratuits via le blog, le forum, les e-books et par e-mail<\/p>\n<p>Chaque kit est accompagn\u00e9 d\u2019une cuill\u00e8re doseuse. Finies les interminables pes\u00e9es avec une balance. Il suffit d\u2019ajouter x cuill\u00e8res et voil\u00e0 ! La pr\u00e9paration de vos engrais maison devient un jeu d\u2019enfant.<\/p>\n","protected":false},"featured_media":125603,"comment_status":"open","ping_status":"closed","template":"","meta":{"_acf_changed":false,"bwfblock_default_font":""},"product_brand":[],"product_cat":[1892,2023,1895],"product_tag":[],"class_list":{"0":"post-126525","1":"product","2":"type-product","3":"status-publish","4":"has-post-thumbnail","6":"product_cat-engrais-poudre","7":"product_cat-engrais","8":"product_cat-kits-fr","9":"product_shipping_class-verzending-6","11":"first","12":"instock","13":"sale","14":"featured","15":"taxable","16":"shipping-taxable","17":"purchasable","18":"product-type-simple"},"acf":[],"_links":{"self":[{"href":"https:\/\/planted-box.com\/fr\/wp-json\/wp\/v2\/product\/126525","targetHints":{"allow":["GET"]}}],"collection":[{"href":"https:\/\/planted-box.com\/fr\/wp-json\/wp\/v2\/product"}],"about":[{"href":"https:\/\/planted-box.com\/fr\/wp-json\/wp\/v2\/types\/product"}],"replies":[{"embeddable":true,"href":"https:\/\/planted-box.com\/fr\/wp-json\/wp\/v2\/comments?post=126525"}],"wp:featuredmedia":[{"embeddable":true,"href":"https:\/\/planted-box.com\/fr\/wp-json\/wp\/v2\/media\/125603"}],"wp:attachment":[{"href":"https:\/\/planted-box.com\/fr\/wp-json\/wp\/v2\/media?parent=126525"}],"wp:term":[{"taxonomy":"product_brand","embeddable":true,"href":"https:\/\/planted-box.com\/fr\/wp-json\/wp\/v2\/product_brand?post=126525"},{"taxonomy":"product_cat","embeddable":true,"href":"https:\/\/planted-box.com\/fr\/wp-json\/wp\/v2\/product_cat?post=126525"},{"taxonomy":"product_tag","embeddable":true,"href":"https:\/\/planted-box.com\/fr\/wp-json\/wp\/v2\/product_tag?post=126525"}],"curies":[{"name":"wp","href":"https:\/\/api.w.org\/{rel}","templated":true}]}}