{"id":126521,"date":"2014-01-20T21:35:38","date_gmt":"2014-01-20T20:35:38","guid":{"rendered":"https:\/\/planted-box.com\/product\/macro\/"},"modified":"2026-03-26T14:26:50","modified_gmt":"2026-03-26T13:26:50","slug":"macro","status":"publish","type":"product","link":"https:\/\/planted-box.com\/fr\/product\/macro\/","title":{"rendered":"Macro"},"content":{"rendered":"","protected":false},"excerpt":{"rendered":"<p>Vous voulez un aquarium plant\u00e9 avec des plantes en bonne sant\u00e9 et sans algues ? Assurez-vous d\u2019ajouter de l\u2019azote, du phosphore et du potassium, les nutriments les plus importants pour vos plantes !<br \/>\nC\u2019est particuli\u00e8rement facile avec Macro, gr\u00e2ce \u00e0 sa bouteille pratique.<\/p>\n<p>\u2022 Le dosage est facile et bien expliqu\u00e9<br \/>\n\u2022 Forte concentration, pour donner de jolies plantes en bonne sant\u00e9<br \/>\n\u2022 Tous les macro-\u00e9l\u00e9ments importants dans une seule bouteille : solution \u00e9conomique !<br \/>\n\u2022 Enti\u00e8rement inoffensif pour votre crevettes et poissons<br \/>\n\u2022 Ne cause pas l\u2019apparition des algues. Je vous le promets !<br \/>\n\u2022 Conseils gratuits via le blog, les e-books et par e-mail<\/p>\n<p>Macro est d\u2019ailleurs contr\u00f4l\u00e9 et valid\u00e9 par l\u2019AFSCA belge et certifi\u00e9 par l\u2019Union Europ\u00e9enne. La garantie de la qualit\u00e9 !<\/p>\n","protected":false},"featured_media":125566,"comment_status":"open","ping_status":"closed","template":"","meta":{"_acf_changed":false,"bwfblock_default_font":""},"product_brand":[],"product_cat":[2023,1896],"product_tag":[],"class_list":{"0":"post-126521","1":"product","2":"type-product","3":"status-publish","4":"has-post-thumbnail","6":"product_cat-engrais","7":"product_cat-engrais-liquides","8":"product_shipping_class-verzending-6","9":"pa_liters-1-liter-fr","10":"pa_liters-5-liter-fr","12":"first","13":"instock","14":"taxable","15":"shipping-taxable","16":"purchasable","17":"product-type-variable","18":"has-default-attributes"},"acf":[],"_links":{"self":[{"href":"https:\/\/planted-box.com\/fr\/wp-json\/wp\/v2\/product\/126521","targetHints":{"allow":["GET"]}}],"collection":[{"href":"https:\/\/planted-box.com\/fr\/wp-json\/wp\/v2\/product"}],"about":[{"href":"https:\/\/planted-box.com\/fr\/wp-json\/wp\/v2\/types\/product"}],"replies":[{"embeddable":true,"href":"https:\/\/planted-box.com\/fr\/wp-json\/wp\/v2\/comments?post=126521"}],"wp:featuredmedia":[{"embeddable":true,"href":"https:\/\/planted-box.com\/fr\/wp-json\/wp\/v2\/media\/125566"}],"wp:attachment":[{"href":"https:\/\/planted-box.com\/fr\/wp-json\/wp\/v2\/media?parent=126521"}],"wp:term":[{"taxonomy":"product_brand","embeddable":true,"href":"https:\/\/planted-box.com\/fr\/wp-json\/wp\/v2\/product_brand?post=126521"},{"taxonomy":"product_cat","embeddable":true,"href":"https:\/\/planted-box.com\/fr\/wp-json\/wp\/v2\/product_cat?post=126521"},{"taxonomy":"product_tag","embeddable":true,"href":"https:\/\/planted-box.com\/fr\/wp-json\/wp\/v2\/product_tag?post=126521"}],"curies":[{"name":"wp","href":"https:\/\/api.w.org\/{rel}","templated":true}]}}