{"id":126517,"date":"2013-12-30T21:12:59","date_gmt":"2013-12-30T20:12:59","guid":{"rendered":"https:\/\/planted-box.com\/product\/micro\/"},"modified":"2025-01-23T12:50:09","modified_gmt":"2025-01-23T11:50:09","slug":"micro","status":"publish","type":"product","link":"https:\/\/planted-box.com\/fr\/product\/micro\/","title":{"rendered":"Micro"},"content":{"rendered":"","protected":false},"excerpt":{"rendered":"<p>Micro contient tous les oligo-\u00e9l\u00e9ments essentiels \u00e0 vos plantes d\u2019aquarium. La cons\u00e9quence ? Elles s\u2019\u00e9panouissent et les algues ont moins de chances de s\u2019installer !<\/p>\n<p>Un must-have si vous voulez un aquascape en pleine forme.<br \/>\n\u2022 Contient tous les oligo-\u00e9l\u00e9ments pour de jolies plantes en bonne sant\u00e9 et aux couleurs intenses<br \/>\n\u2022 Les dosages sont tr\u00e8s faciles et bien expliqu\u00e9s.<br \/>\n\u2022 Un ajout par semaine et voil\u00e0 !<br \/>\n\u2022 Inoffensif pour les crevettes et poissons<br \/>\n\u2022 Ne cause pas l\u2019apparition des algues et ne colore pas l\u2019eau<br \/>\n\u2022 Conseils gratuits via le blog, le forum, les e-books et par e-mail<\/p>\n<p>Au fait, Micro est tr\u00e8s facile \u00e0 utiliser : il suffit de presser, verser, et voil\u00e0 !<\/p>\n","protected":false},"featured_media":125562,"comment_status":"open","ping_status":"closed","template":"","meta":{"_acf_changed":false,"bwfblock_default_font":""},"product_brand":[],"product_cat":[2023,1896],"product_tag":[],"class_list":{"0":"post-126517","1":"product","2":"type-product","3":"status-publish","4":"has-post-thumbnail","6":"product_cat-engrais","7":"product_cat-engrais-liquides","8":"product_shipping_class-verzending-6","9":"pa_liters-1-liter-fr","10":"pa_liters-5-liter-fr","12":"first","13":"instock","14":"taxable","15":"shipping-taxable","16":"purchasable","17":"product-type-variable","18":"has-default-attributes"},"acf":[],"_links":{"self":[{"href":"https:\/\/planted-box.com\/fr\/wp-json\/wp\/v2\/product\/126517","targetHints":{"allow":["GET"]}}],"collection":[{"href":"https:\/\/planted-box.com\/fr\/wp-json\/wp\/v2\/product"}],"about":[{"href":"https:\/\/planted-box.com\/fr\/wp-json\/wp\/v2\/types\/product"}],"replies":[{"embeddable":true,"href":"https:\/\/planted-box.com\/fr\/wp-json\/wp\/v2\/comments?post=126517"}],"wp:featuredmedia":[{"embeddable":true,"href":"https:\/\/planted-box.com\/fr\/wp-json\/wp\/v2\/media\/125562"}],"wp:attachment":[{"href":"https:\/\/planted-box.com\/fr\/wp-json\/wp\/v2\/media?parent=126517"}],"wp:term":[{"taxonomy":"product_brand","embeddable":true,"href":"https:\/\/planted-box.com\/fr\/wp-json\/wp\/v2\/product_brand?post=126517"},{"taxonomy":"product_cat","embeddable":true,"href":"https:\/\/planted-box.com\/fr\/wp-json\/wp\/v2\/product_cat?post=126517"},{"taxonomy":"product_tag","embeddable":true,"href":"https:\/\/planted-box.com\/fr\/wp-json\/wp\/v2\/product_tag?post=126517"}],"curies":[{"name":"wp","href":"https:\/\/api.w.org\/{rel}","templated":true}]}}