{"id":126511,"date":"2014-01-20T20:46:31","date_gmt":"2014-01-20T19:46:31","guid":{"rendered":"https:\/\/planted-box.com\/product\/ferro\/"},"modified":"2026-03-26T14:36:29","modified_gmt":"2026-03-26T13:36:29","slug":"ferro","status":"publish","type":"product","link":"https:\/\/planted-box.com\/fr\/product\/ferro\/","title":{"rendered":"Ferro"},"content":{"rendered":"","protected":false},"excerpt":{"rendered":"<p>Votre aquarium est peupl\u00e9 de Cryptocorynes ou d\u2019Echinodorus ? Vous savez alors \u00e0 quel point ces plantes sont gourmandes de fer. Essayez alors l\u2019engrais \u00e0 base de fer pour plantes d\u2019aquarium Ferro, cela leur fera le plus grand bien.<\/p>\n<p>\u2022 Le dosage est tr\u00e8s facile et il est bien expliqu\u00e9<br \/>\n\u2022 Le fer est disponible tr\u00e8s longtemps pour vos plantes, qui le montreront par de jolies couleurs<br \/>\n\u2022 Ne colore pas l\u2019eau : profitez pleinement de votre aquarium<br \/>\n\u2022 Enti\u00e8rement inoffensif pour les crevettes et poissons<br \/>\n\u2022 Ne cause pas l\u2019apparition des algues. Promis.<br \/>\n\u2022 Conseils gratuits via le blog, le forum, les e-books et par e-mail<\/p>\n<p>Gr\u00e2ce aux deux ch\u00e9lates diff\u00e9rents de Ferro (EDTA &amp; DTPA), le fer est disponible longtemps pour vos plantes. Elles se renforcent, forment des racines saines, prennent plus de couleur et les feuilles deviennent plus grosses.<\/p>\n","protected":false},"featured_media":125597,"comment_status":"open","ping_status":"closed","template":"","meta":{"_acf_changed":false,"bwfblock_default_font":""},"product_brand":[],"product_cat":[2023,1896],"product_tag":[],"class_list":{"0":"post-126511","1":"product","2":"type-product","3":"status-publish","4":"has-post-thumbnail","6":"product_cat-engrais","7":"product_cat-engrais-liquides","8":"product_shipping_class-verzending-6","9":"pa_liters-1-liter-fr","10":"pa_liters-5-liter-fr","12":"first","13":"instock","14":"featured","15":"taxable","16":"shipping-taxable","17":"purchasable","18":"product-type-variable","19":"has-default-attributes"},"acf":[],"_links":{"self":[{"href":"https:\/\/planted-box.com\/fr\/wp-json\/wp\/v2\/product\/126511","targetHints":{"allow":["GET"]}}],"collection":[{"href":"https:\/\/planted-box.com\/fr\/wp-json\/wp\/v2\/product"}],"about":[{"href":"https:\/\/planted-box.com\/fr\/wp-json\/wp\/v2\/types\/product"}],"replies":[{"embeddable":true,"href":"https:\/\/planted-box.com\/fr\/wp-json\/wp\/v2\/comments?post=126511"}],"wp:featuredmedia":[{"embeddable":true,"href":"https:\/\/planted-box.com\/fr\/wp-json\/wp\/v2\/media\/125597"}],"wp:attachment":[{"href":"https:\/\/planted-box.com\/fr\/wp-json\/wp\/v2\/media?parent=126511"}],"wp:term":[{"taxonomy":"product_brand","embeddable":true,"href":"https:\/\/planted-box.com\/fr\/wp-json\/wp\/v2\/product_brand?post=126511"},{"taxonomy":"product_cat","embeddable":true,"href":"https:\/\/planted-box.com\/fr\/wp-json\/wp\/v2\/product_cat?post=126511"},{"taxonomy":"product_tag","embeddable":true,"href":"https:\/\/planted-box.com\/fr\/wp-json\/wp\/v2\/product_tag?post=126511"}],"curies":[{"name":"wp","href":"https:\/\/api.w.org\/{rel}","templated":true}]}}