{"id":126505,"date":"2014-02-03T20:12:39","date_gmt":"2014-02-03T19:12:39","guid":{"rendered":"https:\/\/planted-box.com\/product\/all-in-one\/"},"modified":"2026-04-02T07:52:08","modified_gmt":"2026-04-02T05:52:08","slug":"all-in-one","status":"publish","type":"product","link":"https:\/\/planted-box.com\/fr\/product\/all-in-one\/","title":{"rendered":"All-in-One \u00ab\u00a0Estimative Index\u00a0\u00bb"},"content":{"rendered":"","protected":false},"excerpt":{"rendered":"<p>Fabriqu\u00e9 en Belgique par un aquariophile de 20 ans d&rsquo;exp\u00e9rience \u2014 tout ce dont vos plantes ont besoin dans un seul flacon, certifi\u00e9 par l&rsquo;UE.<\/p>\n<p>&#x2705; Tout en un : macro + micro + fer, une dose par semaine<br \/>\n&#x2705; R\u00e9sultats visibles en 2 \u00e0 3 semaines<br \/>\n&#x2705; 2\u00d7 moins cher que de combiner des produits s\u00e9par\u00e9s <a href=\"#comparison\">(voir pourquoi)<\/a><br \/>\n&#x2705; Sans danger pour crevettes et poissons<br \/>\n&#x2705; Convient \u00e0 tous les substrats (gravier, sable, sol technique)<br \/>\n&#x2705; 5.000+ aquariophiles satisfaits en Benelux et en France <a href=\"#aquariums\">(voir leurs aquariums)<\/a><\/p>\n<p class=\"font-claude-response-body break-words whitespace-normal leading-[1.7]\">Chaque commande donne acc\u00e8s \u00e0 nos e-books, guides et outil anti-algues \u2014 gratuitement. Une question ? Je r\u00e9ponds personnellement en fran\u00e7ais, par e-mail.<\/p>\n","protected":false},"featured_media":125561,"comment_status":"open","ping_status":"closed","template":"","meta":{"_acf_changed":false,"bwfblock_default_font":""},"product_brand":[],"product_cat":[2023,1896],"product_tag":[],"class_list":{"0":"post-126505","1":"product","2":"type-product","3":"status-publish","4":"has-post-thumbnail","6":"product_cat-engrais","7":"product_cat-engrais-liquides","8":"product_shipping_class-verzending-6","9":"pa_liters-1-liter-fr","10":"pa_liters-5-liter-fr","12":"first","13":"instock","14":"sale","15":"featured","16":"taxable","17":"shipping-taxable","18":"purchasable","19":"product-type-variable","20":"has-default-attributes"},"acf":[],"_links":{"self":[{"href":"https:\/\/planted-box.com\/fr\/wp-json\/wp\/v2\/product\/126505","targetHints":{"allow":["GET"]}}],"collection":[{"href":"https:\/\/planted-box.com\/fr\/wp-json\/wp\/v2\/product"}],"about":[{"href":"https:\/\/planted-box.com\/fr\/wp-json\/wp\/v2\/types\/product"}],"replies":[{"embeddable":true,"href":"https:\/\/planted-box.com\/fr\/wp-json\/wp\/v2\/comments?post=126505"}],"wp:featuredmedia":[{"embeddable":true,"href":"https:\/\/planted-box.com\/fr\/wp-json\/wp\/v2\/media\/125561"}],"wp:attachment":[{"href":"https:\/\/planted-box.com\/fr\/wp-json\/wp\/v2\/media?parent=126505"}],"wp:term":[{"taxonomy":"product_brand","embeddable":true,"href":"https:\/\/planted-box.com\/fr\/wp-json\/wp\/v2\/product_brand?post=126505"},{"taxonomy":"product_cat","embeddable":true,"href":"https:\/\/planted-box.com\/fr\/wp-json\/wp\/v2\/product_cat?post=126505"},{"taxonomy":"product_tag","embeddable":true,"href":"https:\/\/planted-box.com\/fr\/wp-json\/wp\/v2\/product_tag?post=126505"}],"curies":[{"name":"wp","href":"https:\/\/api.w.org\/{rel}","templated":true}]}}