{"id":126493,"date":"2014-03-06T12:16:41","date_gmt":"2014-03-06T11:16:41","guid":{"rendered":"https:\/\/planted-box.com\/product\/flow-lily-pipe\/"},"modified":"2026-03-20T22:47:41","modified_gmt":"2026-03-20T21:47:41","slug":"lily-pipe-flow","status":"publish","type":"product","link":"https:\/\/planted-box.com\/fr\/product\/lily-pipe-flow\/","title":{"rendered":"Lily pipe Flow"},"content":{"rendered":"","protected":false},"excerpt":{"rendered":"<p>Vous en avez marre des tuyaux de filtration pas jolis ? Vous voulez un aquascape \u00e9l\u00e9gant ? Ou vous cherchez une sortie de filtre qui offre une bonne circulation de l\u2019eau ? Cette Lily pipe est alors ce qu\u2019il vous faut.<\/p>\n<p>\u2022 Transparente, ne perturbe pas l\u2019esth\u00e9tique de votre aquascape<br \/>\n\u2022 Verre de laboratoire solide pour une s\u00e9curit\u00e9 accrue. Ne casse pas facilement !<br \/>\n\u2022 Cr\u00e9e la circulation d\u2019eau id\u00e9ale pour votre aquarium plant\u00e9<br \/>\n\u2022 Apporte de l\u2019oxyg\u00e8ne dans votre aquarium sans chasser le CO2<br \/>\n\u2022 Tr\u00e8s esth\u00e9tique<br \/>\n\u2022 Set compos\u00e9 d\u2019une aspiration et d\u2019un refoulement<\/p>\n<p>La lily pipe Flow est id\u00e9ale pour un aquarium plant\u00e9 avec une grande quantit\u00e9 de plantes. Elle apporte les nutriments importants jusque dans les recoins les plus difficiles d\u2019acc\u00e8s !<\/p>\n","protected":false},"featured_media":125605,"comment_status":"open","ping_status":"closed","template":"","meta":{"_acf_changed":false,"bwfblock_default_font":""},"product_brand":[],"product_cat":[1913,1914],"product_tag":[],"class_list":{"0":"post-126493","1":"product","2":"type-product","3":"status-publish","4":"has-post-thumbnail","6":"product_cat-filtration","7":"product_cat-lily-pipes-en-verre","8":"product_shipping_class-verzending-21","9":"pa_lily-pipe-16-22-fr","10":"pa_lily-pipe-12-16-fr","11":"pa_lily-pipe-12-16-60-fr","12":"pa_lily-pipe-12-16-90-fr","13":"pa_lily-pipe-9-12-fr","15":"first","16":"instock","17":"taxable","18":"shipping-taxable","19":"purchasable","20":"product-type-variable","21":"has-default-attributes"},"acf":[],"_links":{"self":[{"href":"https:\/\/planted-box.com\/fr\/wp-json\/wp\/v2\/product\/126493","targetHints":{"allow":["GET"]}}],"collection":[{"href":"https:\/\/planted-box.com\/fr\/wp-json\/wp\/v2\/product"}],"about":[{"href":"https:\/\/planted-box.com\/fr\/wp-json\/wp\/v2\/types\/product"}],"replies":[{"embeddable":true,"href":"https:\/\/planted-box.com\/fr\/wp-json\/wp\/v2\/comments?post=126493"}],"wp:featuredmedia":[{"embeddable":true,"href":"https:\/\/planted-box.com\/fr\/wp-json\/wp\/v2\/media\/125605"}],"wp:attachment":[{"href":"https:\/\/planted-box.com\/fr\/wp-json\/wp\/v2\/media?parent=126493"}],"wp:term":[{"taxonomy":"product_brand","embeddable":true,"href":"https:\/\/planted-box.com\/fr\/wp-json\/wp\/v2\/product_brand?post=126493"},{"taxonomy":"product_cat","embeddable":true,"href":"https:\/\/planted-box.com\/fr\/wp-json\/wp\/v2\/product_cat?post=126493"},{"taxonomy":"product_tag","embeddable":true,"href":"https:\/\/planted-box.com\/fr\/wp-json\/wp\/v2\/product_tag?post=126493"}],"curies":[{"name":"wp","href":"https:\/\/api.w.org\/{rel}","templated":true}]}}