{"id":126488,"date":"2014-04-01T15:09:06","date_gmt":"2014-04-01T14:09:06","guid":{"rendered":"https:\/\/planted-box.com\/product\/violet-lily-pipe\/"},"modified":"2025-08-14T15:01:40","modified_gmt":"2025-08-14T13:01:40","slug":"lily-pipe-violet","status":"publish","type":"product","link":"https:\/\/planted-box.com\/fr\/product\/lily-pipe-violet\/","title":{"rendered":"Lily pipe Violet"},"content":{"rendered":"","protected":false},"excerpt":{"rendered":"<p>Vous avez un aquarium profond et vous voulez am\u00e9liorer le courant en profondeur ? Ou vous ne voulez plus voir ces tubes moches de votre filtre ? Cette lily pipe est donc ce qu\u2019il vous faut.<\/p>\n<p>\u2022 Id\u00e9ale pour les aquariums profonds : une circulation de l\u2019eau am\u00e9lior\u00e9e jusqu\u2019aux plantes tapissantes de votre aquarium<br \/>\n\u2022 S\u00fbre pour les petits poissons gr\u00e2ce aux petites fentes : ils ne seront pas aspir\u00e9s<br \/>\n\u2022 Fabriqu\u00e9e en verre borosilicat\u00e9 renforc\u00e9 : ne se casse pas facilement<br \/>\n\u2022 Set compos\u00e9 d\u2019une aspiration et d\u2019un refoulement<\/p>\n<p>Comme la lily pipe est enti\u00e8rement en verre, elle ne se voit presque pas dans votre aquarium. Et en plus, elle cr\u00e9e un bon vortex et donc une excellente circulation de l\u2019eau dans tout l\u2019aquarium. Id\u00e9al pour vos plantes !<\/p>\n","protected":false},"featured_media":125604,"comment_status":"open","ping_status":"closed","template":"","meta":{"_acf_changed":false,"bwfblock_default_font":""},"product_brand":[],"product_cat":[1913,1914],"product_tag":[],"class_list":{"0":"post-126488","1":"product","2":"type-product","3":"status-publish","4":"has-post-thumbnail","6":"product_cat-filtration","7":"product_cat-lily-pipes-en-verre","8":"product_shipping_class-verzending-21","9":"pa_lily-pipe-16-22-fr","10":"pa_lily-pipe-12-16-60-fr","11":"pa_lily-pipe-12-16-90-fr","13":"first","14":"instock","15":"taxable","16":"shipping-taxable","17":"purchasable","18":"product-type-variable","19":"has-default-attributes"},"acf":[],"_links":{"self":[{"href":"https:\/\/planted-box.com\/fr\/wp-json\/wp\/v2\/product\/126488","targetHints":{"allow":["GET"]}}],"collection":[{"href":"https:\/\/planted-box.com\/fr\/wp-json\/wp\/v2\/product"}],"about":[{"href":"https:\/\/planted-box.com\/fr\/wp-json\/wp\/v2\/types\/product"}],"replies":[{"embeddable":true,"href":"https:\/\/planted-box.com\/fr\/wp-json\/wp\/v2\/comments?post=126488"}],"wp:featuredmedia":[{"embeddable":true,"href":"https:\/\/planted-box.com\/fr\/wp-json\/wp\/v2\/media\/125604"}],"wp:attachment":[{"href":"https:\/\/planted-box.com\/fr\/wp-json\/wp\/v2\/media?parent=126488"}],"wp:term":[{"taxonomy":"product_brand","embeddable":true,"href":"https:\/\/planted-box.com\/fr\/wp-json\/wp\/v2\/product_brand?post=126488"},{"taxonomy":"product_cat","embeddable":true,"href":"https:\/\/planted-box.com\/fr\/wp-json\/wp\/v2\/product_cat?post=126488"},{"taxonomy":"product_tag","embeddable":true,"href":"https:\/\/planted-box.com\/fr\/wp-json\/wp\/v2\/product_tag?post=126488"}],"curies":[{"name":"wp","href":"https:\/\/api.w.org\/{rel}","templated":true}]}}