{"id":126435,"date":"2014-01-21T23:34:29","date_gmt":"2014-01-21T22:34:29","guid":{"rendered":"https:\/\/planted-box.com\/product\/co2-reactor\/"},"modified":"2025-07-17T12:25:24","modified_gmt":"2025-07-17T10:25:24","slug":"reacteur-co2","status":"publish","type":"product","link":"https:\/\/planted-box.com\/fr\/product\/reacteur-co2\/","title":{"rendered":"R\u00e9acteur CO2"},"content":{"rendered":"","protected":false},"excerpt":{"rendered":"<p><strong>Promotion de lancement temporaire jusqu&rsquo;\u00e0 \u00e9puisement des stocks !<\/strong><\/p>\n<p>Ce r\u00e9acteur CO2 est tr\u00e8s efficace pour dissoudre votre CO2, presque rien n&rsquo;est gaspill\u00e9 ! De plus, il est tr\u00e8s facile \u00e0 installer et \u00e0 entretenir.<\/p>\n<p style=\"padding-left: 40px;\">\u2022 Dissout votre CO2 \u00e0 100 % : \u00e9conomisez du CO2<br \/>\n\u2022 Beaucoup plus efficace que les r\u00e9acteurs standard<br \/>\n\u2022 Tr\u00e8s facile \u00e0 installer : accrochez-le dans l&rsquo;armoire ou utilisez un support<br \/>\n\u2022 Facile \u00e0 nettoyer<br \/>\n\u2022 Comprend une valve d&rsquo;a\u00e9ration, des raccords et des colliers de serrage<br \/>\n\u2022Assure une croissance plus saine des plantes et moins d&rsquo;algues<br \/>\n\u2022 Conseils gratuits via le blog, les ebooks et le courrier<\/p>\n","protected":false},"featured_media":146771,"comment_status":"open","ping_status":"closed","template":"","meta":{"_acf_changed":false,"bwfblock_default_font":""},"product_brand":[],"product_cat":[1904,1901],"product_tag":[],"class_list":{"0":"post-126435","1":"product","2":"type-product","3":"status-publish","4":"has-post-thumbnail","6":"product_cat-reacteurs-co2","7":"product_cat-systemes-co2","8":"product_shipping_class-verzending-21","10":"first","11":"instock","12":"sale","13":"taxable","14":"shipping-taxable","15":"purchasable","16":"product-type-composite"},"acf":[],"_links":{"self":[{"href":"https:\/\/planted-box.com\/fr\/wp-json\/wp\/v2\/product\/126435","targetHints":{"allow":["GET"]}}],"collection":[{"href":"https:\/\/planted-box.com\/fr\/wp-json\/wp\/v2\/product"}],"about":[{"href":"https:\/\/planted-box.com\/fr\/wp-json\/wp\/v2\/types\/product"}],"replies":[{"embeddable":true,"href":"https:\/\/planted-box.com\/fr\/wp-json\/wp\/v2\/comments?post=126435"}],"wp:featuredmedia":[{"embeddable":true,"href":"https:\/\/planted-box.com\/fr\/wp-json\/wp\/v2\/media\/146771"}],"wp:attachment":[{"href":"https:\/\/planted-box.com\/fr\/wp-json\/wp\/v2\/media?parent=126435"}],"wp:term":[{"taxonomy":"product_brand","embeddable":true,"href":"https:\/\/planted-box.com\/fr\/wp-json\/wp\/v2\/product_brand?post=126435"},{"taxonomy":"product_cat","embeddable":true,"href":"https:\/\/planted-box.com\/fr\/wp-json\/wp\/v2\/product_cat?post=126435"},{"taxonomy":"product_tag","embeddable":true,"href":"https:\/\/planted-box.com\/fr\/wp-json\/wp\/v2\/product_tag?post=126435"}],"curies":[{"name":"wp","href":"https:\/\/api.w.org\/{rel}","templated":true}]}}