{"id":126427,"date":"2017-05-09T20:42:42","date_gmt":"2017-05-09T18:42:42","guid":{"rendered":"https:\/\/planted-box.com\/product\/bulb-co2-dropchecker\/"},"modified":"2026-01-24T15:40:55","modified_gmt":"2026-01-24T14:40:55","slug":"bulb-testeur-co2","status":"publish","type":"product","link":"https:\/\/planted-box.com\/fr\/product\/bulb-testeur-co2\/","title":{"rendered":"Bulb \u2013 Testeur de CO2"},"content":{"rendered":"","protected":false},"excerpt":{"rendered":"<p>Vous avez des probl\u00e8mes d\u2019algues ou vos plantes poussent mal ? Peut-\u00eatre que vous n\u2019ajoutez pas assez de CO2. Le drop checker pour aquarium \u201cBulb\u201d vous aide \u00e0 \u00e9valuer et am\u00e9liorer la teneur en CO2 de votre aquarium.<\/p>\n<p>\u2022 Mesure tr\u00e8s facile du CO2 dans votre aquarium<br \/>\n\u2022 Format relativement gros donc id\u00e9al pour les grands aquariums<br \/>\n\u2022 Nettoyage et remplissage encore plus rapides<br \/>\n\u2022 Teneur en CO2 tr\u00e8s simple \u00e0 d\u00e9terminer<br \/>\n\u2022 Conseils gratuits via le blog, le forum, les e-books et par e-mail<\/p>\n<p>Le testeur de CO2 Bulb vous aide \u00e0 mieux contr\u00f4ler le CO2 dans votre aquarium, et donc \u00e0 am\u00e9liorer encore la sant\u00e9 de vos plantes.<\/p>\n","protected":false},"featured_media":132312,"comment_status":"open","ping_status":"closed","template":"","meta":{"_acf_changed":false,"bwfblock_default_font":""},"product_brand":[],"product_cat":[1908,1901],"product_tag":[],"class_list":{"0":"post-126427","1":"product","2":"type-product","3":"status-publish","4":"has-post-thumbnail","6":"product_cat-drop-checkers-tests-co2","7":"product_cat-systemes-co2","8":"product_shipping_class-verzending-21","10":"first","11":"instock","12":"sale","13":"taxable","14":"shipping-taxable","15":"purchasable","16":"product-type-simple"},"acf":[],"_links":{"self":[{"href":"https:\/\/planted-box.com\/fr\/wp-json\/wp\/v2\/product\/126427","targetHints":{"allow":["GET"]}}],"collection":[{"href":"https:\/\/planted-box.com\/fr\/wp-json\/wp\/v2\/product"}],"about":[{"href":"https:\/\/planted-box.com\/fr\/wp-json\/wp\/v2\/types\/product"}],"replies":[{"embeddable":true,"href":"https:\/\/planted-box.com\/fr\/wp-json\/wp\/v2\/comments?post=126427"}],"wp:featuredmedia":[{"embeddable":true,"href":"https:\/\/planted-box.com\/fr\/wp-json\/wp\/v2\/media\/132312"}],"wp:attachment":[{"href":"https:\/\/planted-box.com\/fr\/wp-json\/wp\/v2\/media?parent=126427"}],"wp:term":[{"taxonomy":"product_brand","embeddable":true,"href":"https:\/\/planted-box.com\/fr\/wp-json\/wp\/v2\/product_brand?post=126427"},{"taxonomy":"product_cat","embeddable":true,"href":"https:\/\/planted-box.com\/fr\/wp-json\/wp\/v2\/product_cat?post=126427"},{"taxonomy":"product_tag","embeddable":true,"href":"https:\/\/planted-box.com\/fr\/wp-json\/wp\/v2\/product_tag?post=126427"}],"curies":[{"name":"wp","href":"https:\/\/api.w.org\/{rel}","templated":true}]}}