{"id":126422,"date":"2015-11-02T21:16:35","date_gmt":"2015-11-02T20:16:35","guid":{"rendered":"https:\/\/planted-box.com\/product\/co2-tester-kit-drop\/"},"modified":"2026-02-25T15:43:09","modified_gmt":"2026-02-25T14:43:09","slug":"kit-testeur-co2","status":"publish","type":"product","link":"https:\/\/planted-box.com\/fr\/product\/kit-testeur-co2\/","title":{"rendered":"Kit testeur de CO2"},"content":{"rendered":"","protected":false},"excerpt":{"rendered":"<p>Avec le kit testeur de CO2 \u201cDrop\u201d, vous avez tout ce dont vous avez besoin pour contr\u00f4ler la teneur en CO2 de votre aquarium. Il suffit de regarder la couleur : le liquide est vert clair ? Le CO2 est bon !<\/p>\n<p>Ce kit testeur de CO2 est id\u00e9al car :<\/p>\n<p>\u2022 il inclut tout le mat\u00e9riel pour commencer tout de suite<br \/>\n\u2022 le drop checker est tr\u00e8s \u00e9l\u00e9gant dans votre aquarium et presque invisible<br \/>\n\u2022 il est fabriqu\u00e9 en verre de laboratoire tr\u00e8s solide<br \/>\n\u2022 il est facile et rapide \u00e0 nettoyer<br \/>\n\u2022 la teneur en CO2 est alors tr\u00e8s facile \u00e0 mesurer, pour des plantes d\u2019aquarium en meilleure sant\u00e9<\/p>\n<p>Vous r\u00eavez d\u2019un magnifique aquarium plant\u00e9 ? Il faut donc fournir \u00e0 vos plantes d\u2019aquarium la bonne quantit\u00e9 de CO2. Ce kit testeur de CO2 est l\u00e0 pour vous y aider.<\/p>\n","protected":false},"featured_media":125612,"comment_status":"open","ping_status":"closed","template":"","meta":{"_acf_changed":false,"bwfblock_default_font":""},"product_brand":[],"product_cat":[1901],"product_tag":[],"class_list":{"0":"post-126422","1":"product","2":"type-product","3":"status-publish","4":"has-post-thumbnail","6":"product_cat-systemes-co2","7":"product_shipping_class-verzending-21","9":"first","10":"instock","11":"sale","12":"taxable","13":"shipping-taxable","14":"purchasable","15":"product-type-variable","16":"has-default-attributes"},"acf":[],"_links":{"self":[{"href":"https:\/\/planted-box.com\/fr\/wp-json\/wp\/v2\/product\/126422","targetHints":{"allow":["GET"]}}],"collection":[{"href":"https:\/\/planted-box.com\/fr\/wp-json\/wp\/v2\/product"}],"about":[{"href":"https:\/\/planted-box.com\/fr\/wp-json\/wp\/v2\/types\/product"}],"replies":[{"embeddable":true,"href":"https:\/\/planted-box.com\/fr\/wp-json\/wp\/v2\/comments?post=126422"}],"wp:featuredmedia":[{"embeddable":true,"href":"https:\/\/planted-box.com\/fr\/wp-json\/wp\/v2\/media\/125612"}],"wp:attachment":[{"href":"https:\/\/planted-box.com\/fr\/wp-json\/wp\/v2\/media?parent=126422"}],"wp:term":[{"taxonomy":"product_brand","embeddable":true,"href":"https:\/\/planted-box.com\/fr\/wp-json\/wp\/v2\/product_brand?post=126422"},{"taxonomy":"product_cat","embeddable":true,"href":"https:\/\/planted-box.com\/fr\/wp-json\/wp\/v2\/product_cat?post=126422"},{"taxonomy":"product_tag","embeddable":true,"href":"https:\/\/planted-box.com\/fr\/wp-json\/wp\/v2\/product_tag?post=126422"}],"curies":[{"name":"wp","href":"https:\/\/api.w.org\/{rel}","templated":true}]}}