{"id":126418,"date":"2013-03-20T22:17:14","date_gmt":"2013-03-20T21:17:14","guid":{"rendered":"https:\/\/planted-box.com\/product\/externe-atomizer\/"},"modified":"2024-12-03T00:20:04","modified_gmt":"2024-12-02T23:20:04","slug":"atomiseur-externe","status":"publish","type":"product","link":"https:\/\/planted-box.com\/fr\/product\/atomiseur-externe\/","title":{"rendered":"Atomiseur externe"},"content":{"rendered":"","protected":false},"excerpt":{"rendered":"<p>Vous voulez apporter efficacement du CO2 \u00e0 votre aquarium ? Je vous recommande alors cet atomiseur de CO2 externe. Il est id\u00e9al pour les aquariums ayant un filtre externe, il suffit de le raccorder au tuyau du filtre et voil\u00e0.<\/p>\n<p>\u2022 Fabriqu\u00e9 en plastique solide : incassable<br \/>\n\u2022 Le tuyau de CO2 est viss\u00e9 pour une s\u00e9curit\u00e9 accrue<br \/>\n\u2022 Produit de tr\u00e8s petites bulles : meilleur pour vos plantes<br \/>\n\u2022 Pas visible dans votre aquarium, id\u00e9al pour un aquascape vraiment esth\u00e9tique<br \/>\n\u2022 Conseils gratuits via le blog, le forum, les e-books et par e-mail<\/p>\n<p>Les bulles de CO2 se collent aux feuilles des plantes, qui absorbent donc le CO2 plus facilement et poussent mieux. Id\u00e9al, non ?<\/p>\n","protected":false},"featured_media":125759,"comment_status":"open","ping_status":"closed","template":"","meta":{"_acf_changed":false,"bwfblock_default_font":""},"product_brand":[],"product_cat":[1903,1901],"product_tag":[],"class_list":{"0":"post-126418","1":"product","2":"type-product","3":"status-publish","4":"has-post-thumbnail","6":"product_cat-atomiseur-co2","7":"product_cat-systemes-co2","8":"product_shipping_class-verzending-21","10":"first","11":"instock","12":"sale","13":"taxable","14":"shipping-taxable","15":"purchasable","16":"product-type-variable","17":"has-default-attributes"},"acf":[],"_links":{"self":[{"href":"https:\/\/planted-box.com\/fr\/wp-json\/wp\/v2\/product\/126418","targetHints":{"allow":["GET"]}}],"collection":[{"href":"https:\/\/planted-box.com\/fr\/wp-json\/wp\/v2\/product"}],"about":[{"href":"https:\/\/planted-box.com\/fr\/wp-json\/wp\/v2\/types\/product"}],"replies":[{"embeddable":true,"href":"https:\/\/planted-box.com\/fr\/wp-json\/wp\/v2\/comments?post=126418"}],"wp:featuredmedia":[{"embeddable":true,"href":"https:\/\/planted-box.com\/fr\/wp-json\/wp\/v2\/media\/125759"}],"wp:attachment":[{"href":"https:\/\/planted-box.com\/fr\/wp-json\/wp\/v2\/media?parent=126418"}],"wp:term":[{"taxonomy":"product_brand","embeddable":true,"href":"https:\/\/planted-box.com\/fr\/wp-json\/wp\/v2\/product_brand?post=126418"},{"taxonomy":"product_cat","embeddable":true,"href":"https:\/\/planted-box.com\/fr\/wp-json\/wp\/v2\/product_cat?post=126418"},{"taxonomy":"product_tag","embeddable":true,"href":"https:\/\/planted-box.com\/fr\/wp-json\/wp\/v2\/product_tag?post=126418"}],"curies":[{"name":"wp","href":"https:\/\/api.w.org\/{rel}","templated":true}]}}