{"id":126400,"date":"2017-05-10T20:31:04","date_gmt":"2017-05-10T18:31:04","guid":{"rendered":"https:\/\/planted-box.com\/product\/edge-nano-co2-diffuser\/"},"modified":"2024-10-08T09:32:48","modified_gmt":"2024-10-08T07:32:48","slug":"diffuseur-co2-nano-edge","status":"publish","type":"product","link":"https:\/\/planted-box.com\/fr\/product\/diffuseur-co2-nano-edge\/","title":{"rendered":"Diffuseur de CO2 nano \u201cEdge\u201d"},"content":{"rendered":"","protected":false},"excerpt":{"rendered":"<p>Vous avez un nano-aquarium ? Avec le diffuseur de CO2 Edge, vous pouvez ajouter du CO2 \u00e0 votre aquarium plant\u00e9 de mani\u00e8re tout aussi efficace qu\u2019\u00e9l\u00e9gante. Il a non seulement un aspect tr\u00e8s raffin\u00e9, mais il permet \u00e9galement une meilleure croissance de vos plantes gr\u00e2ce \u00e0 la bonne distribution du CO2 dans l\u2019aquarium.<\/p>\n<p>\u2022 Fabriqu\u00e9 en verre de laboratoire \u201cOpticlear\u201d : verre tr\u00e8s transparent et tr\u00e8s robuste<br \/>\n\u2022 Design \u00e9l\u00e9gant et minimaliste<br \/>\n\u2022 Facile \u00e0 nettoyer et installer, simplement sur le rebord de l\u2019aquarium<br \/>\n\u2022 S\u2019adapte \u00e0 tous les aquariums ouverts jusqu\u2019\u00e0 une \u00e9paisseur de paroi de 10 mm<br \/>\n\u2022 Attention : uniquement adapt\u00e9 au tuyau de CO2 flexible !<\/p>\n<p>Un apport suffisant en CO2, une bonne nutrition et un entretien r\u00e9gulier sont indispensables pour une bonne croissance des plantes de votre aquarium.<\/p>\n<p>Investissez donc dans un diffuseur de CO2 de bonne qualit\u00e9, et vous pourrez vraiment profiter pleinement de votre aquarium.<\/p>\n","protected":false},"featured_media":125757,"comment_status":"open","ping_status":"closed","template":"","meta":{"_acf_changed":false,"bwfblock_default_font":""},"product_brand":[],"product_cat":[1902,1901],"product_tag":[],"class_list":{"0":"post-126400","1":"product","2":"type-product","3":"status-publish","4":"has-post-thumbnail","6":"product_cat-diffuseurs-co2","7":"product_cat-systemes-co2","8":"product_shipping_class-verzending-21","10":"first","11":"instock","12":"taxable","13":"shipping-taxable","14":"purchasable","15":"product-type-variable","16":"has-default-attributes"},"acf":[],"_links":{"self":[{"href":"https:\/\/planted-box.com\/fr\/wp-json\/wp\/v2\/product\/126400","targetHints":{"allow":["GET"]}}],"collection":[{"href":"https:\/\/planted-box.com\/fr\/wp-json\/wp\/v2\/product"}],"about":[{"href":"https:\/\/planted-box.com\/fr\/wp-json\/wp\/v2\/types\/product"}],"replies":[{"embeddable":true,"href":"https:\/\/planted-box.com\/fr\/wp-json\/wp\/v2\/comments?post=126400"}],"wp:featuredmedia":[{"embeddable":true,"href":"https:\/\/planted-box.com\/fr\/wp-json\/wp\/v2\/media\/125757"}],"wp:attachment":[{"href":"https:\/\/planted-box.com\/fr\/wp-json\/wp\/v2\/media?parent=126400"}],"wp:term":[{"taxonomy":"product_brand","embeddable":true,"href":"https:\/\/planted-box.com\/fr\/wp-json\/wp\/v2\/product_brand?post=126400"},{"taxonomy":"product_cat","embeddable":true,"href":"https:\/\/planted-box.com\/fr\/wp-json\/wp\/v2\/product_cat?post=126400"},{"taxonomy":"product_tag","embeddable":true,"href":"https:\/\/planted-box.com\/fr\/wp-json\/wp\/v2\/product_tag?post=126400"}],"curies":[{"name":"wp","href":"https:\/\/api.w.org\/{rel}","templated":true}]}}