{"id":126394,"date":"2014-01-22T20:50:38","date_gmt":"2014-01-22T19:50:38","guid":{"rendered":"https:\/\/planted-box.com\/product\/cup-co2-diffuser\/"},"modified":"2026-02-16T20:09:02","modified_gmt":"2026-02-16T19:09:02","slug":"diffuseur-co2-cup","status":"publish","type":"product","link":"https:\/\/planted-box.com\/fr\/product\/diffuseur-co2-cup\/","title":{"rendered":"Diffuseur de CO2 \u201cCup\u201d"},"content":{"rendered":"","protected":false},"excerpt":{"rendered":"<p>Vous aussi, vous voulez des plantes d\u2019aquarium bien vertes et en pleine forme ? Vous devez alors ajouter du CO2, car c\u2019est l\u2019un des nutriments les plus importants pour vos plantes.<\/p>\n<p>Avec ce diffuseur, vous ajoutez du CO2 \u00e0 votre aquarium de mani\u00e8re efficace et \u00e9l\u00e9gante. Voici les autres avantages :<\/p>\n<p>\u2022 Facile et rapide \u00e0 nettoyer<br \/>\n\u2022 Verre renforc\u00e9 : ne se casse pas facilement<br \/>\n\u2022 Verre particuli\u00e8rement transparent, aspect tr\u00e8s beau et luxueux<br \/>\n\u2022 Fourni avec des ventouses robustes : ne se d\u00e9colle pas tout seul<br \/>\n\u2022 Conseils gratuits via le blog, le forum, les e-books et par e-mail<\/p>\n<p>Vous ne voulez tout de m\u00eame pas que vos plantes poussent mal ? Alors, n\u2019attendez plus, mettez ce diffuseur dans votre aquarium et r\u00e9jouissez-vous du r\u00e9sultat !<\/p>\n","protected":false},"featured_media":125756,"comment_status":"open","ping_status":"closed","template":"","meta":{"_acf_changed":false,"bwfblock_default_font":""},"product_brand":[],"product_cat":[1902,1901],"product_tag":[],"class_list":{"0":"post-126394","1":"product","2":"type-product","3":"status-publish","4":"has-post-thumbnail","6":"product_cat-diffuseurs-co2","7":"product_cat-systemes-co2","8":"product_shipping_class-verzending-21","9":"pa_formaat-xl-500-fr","10":"pa_formaat-large-250-fr","11":"pa_formaat-medium-150-fr","12":"pa_formaat-nano-80-fr","14":"first","15":"instock","16":"sale","17":"taxable","18":"shipping-taxable","19":"purchasable","20":"product-type-variable","21":"has-default-attributes"},"acf":[],"_links":{"self":[{"href":"https:\/\/planted-box.com\/fr\/wp-json\/wp\/v2\/product\/126394","targetHints":{"allow":["GET"]}}],"collection":[{"href":"https:\/\/planted-box.com\/fr\/wp-json\/wp\/v2\/product"}],"about":[{"href":"https:\/\/planted-box.com\/fr\/wp-json\/wp\/v2\/types\/product"}],"replies":[{"embeddable":true,"href":"https:\/\/planted-box.com\/fr\/wp-json\/wp\/v2\/comments?post=126394"}],"wp:featuredmedia":[{"embeddable":true,"href":"https:\/\/planted-box.com\/fr\/wp-json\/wp\/v2\/media\/125756"}],"wp:attachment":[{"href":"https:\/\/planted-box.com\/fr\/wp-json\/wp\/v2\/media?parent=126394"}],"wp:term":[{"taxonomy":"product_brand","embeddable":true,"href":"https:\/\/planted-box.com\/fr\/wp-json\/wp\/v2\/product_brand?post=126394"},{"taxonomy":"product_cat","embeddable":true,"href":"https:\/\/planted-box.com\/fr\/wp-json\/wp\/v2\/product_cat?post=126394"},{"taxonomy":"product_tag","embeddable":true,"href":"https:\/\/planted-box.com\/fr\/wp-json\/wp\/v2\/product_tag?post=126394"}],"curies":[{"name":"wp","href":"https:\/\/api.w.org\/{rel}","templated":true}]}}