{"id":126390,"date":"2014-03-28T23:49:44","date_gmt":"2014-03-28T22:49:44","guid":{"rendered":"https:\/\/planted-box.com\/product\/regular-co2-diffuser\/"},"modified":"2024-10-08T09:32:48","modified_gmt":"2024-10-08T07:32:48","slug":"diffuseur-co2-regular","status":"publish","type":"product","link":"https:\/\/planted-box.com\/fr\/product\/diffuseur-co2-regular\/","title":{"rendered":"Diffuseur de CO2 \u201cRegular\u201d"},"content":{"rendered":"","protected":false},"excerpt":{"rendered":"<p>Avec ce diffuseur de CO2 en verre pour plantes d\u2019aquarium, vous ajoutez du CO2 \u00e0 votre aquarium efficacement et simplement. Le r\u00e9sultat ? Vos plantes prennent une belle couleur verte, elles s\u2019\u00e9panouissent et vous avez moins de probl\u00e8mes d\u2019algues.<\/p>\n<p>\u2022 Verre Opticlear : verre particuli\u00e8rement transparent pour ne pas perturber votre aquascape<br \/>\n\u2022 Beau design minimaliste, rendu tr\u00e8s luxueux<br \/>\n\u2022 Verre renforc\u00e9 pour une s\u00e9curit\u00e9 accrue, facile \u00e0 nettoyer<br \/>\n\u2022 Ventouse inclue pour une fixation solide<\/p>\n<p>Avec une bonne distribution du CO2, un bon engrais pour plantes d\u2019aquarium et un renouvellement r\u00e9gulier de l\u2019eau, vous pourrez r\u00e9aliser l\u2019aquascape de vos r\u00eaves.<\/p>\n","protected":false},"featured_media":125758,"comment_status":"open","ping_status":"closed","template":"","meta":{"_acf_changed":false,"bwfblock_default_font":""},"product_brand":[],"product_cat":[1902,1901],"product_tag":[],"class_list":{"0":"post-126390","1":"product","2":"type-product","3":"status-publish","4":"has-post-thumbnail","6":"product_cat-diffuseurs-co2","7":"product_cat-systemes-co2","8":"product_shipping_class-verzending-21","9":"pa_formaat-medium-150-fr","10":"pa_formaat-nano-80-fr","12":"first","13":"instock","14":"sale","15":"taxable","16":"shipping-taxable","17":"purchasable","18":"product-type-variable","19":"has-default-attributes"},"acf":[],"_links":{"self":[{"href":"https:\/\/planted-box.com\/fr\/wp-json\/wp\/v2\/product\/126390","targetHints":{"allow":["GET"]}}],"collection":[{"href":"https:\/\/planted-box.com\/fr\/wp-json\/wp\/v2\/product"}],"about":[{"href":"https:\/\/planted-box.com\/fr\/wp-json\/wp\/v2\/types\/product"}],"replies":[{"embeddable":true,"href":"https:\/\/planted-box.com\/fr\/wp-json\/wp\/v2\/comments?post=126390"}],"wp:featuredmedia":[{"embeddable":true,"href":"https:\/\/planted-box.com\/fr\/wp-json\/wp\/v2\/media\/125758"}],"wp:attachment":[{"href":"https:\/\/planted-box.com\/fr\/wp-json\/wp\/v2\/media?parent=126390"}],"wp:term":[{"taxonomy":"product_brand","embeddable":true,"href":"https:\/\/planted-box.com\/fr\/wp-json\/wp\/v2\/product_brand?post=126390"},{"taxonomy":"product_cat","embeddable":true,"href":"https:\/\/planted-box.com\/fr\/wp-json\/wp\/v2\/product_cat?post=126390"},{"taxonomy":"product_tag","embeddable":true,"href":"https:\/\/planted-box.com\/fr\/wp-json\/wp\/v2\/product_tag?post=126390"}],"curies":[{"name":"wp","href":"https:\/\/api.w.org\/{rel}","templated":true}]}}