{"id":126385,"date":"2019-03-28T17:29:41","date_gmt":"2019-03-28T16:29:41","guid":{"rendered":"https:\/\/planted-box.com\/product\/drop-checker-indicator-mix\/"},"modified":"2026-03-26T14:35:49","modified_gmt":"2026-03-26T13:35:49","slug":"reactif-drop-checker","status":"publish","type":"product","link":"https:\/\/planted-box.com\/fr\/product\/reactif-drop-checker\/","title":{"rendered":"R\u00e9actif pour drop checker"},"content":{"rendered":"","protected":false},"excerpt":{"rendered":"<p>Vous voulez savoir en toute simplicit\u00e9 si votre aquarium a une bonne teneur en CO2 ? Utilisez donc un bon testeur de CO2 ainsi que ce r\u00e9actif pour drop checker.<\/p>\n<p>\u2022 Produit \u00e0 partir de mati\u00e8res premi\u00e8res tr\u00e8s pures en provenance de l\u2019UE : bonne pr\u00e9cision<br \/>\n\u2022 Fourni dans un flacon pratique<br \/>\n\u2022 Aide \u00e0 am\u00e9liorer le CO2 de votre aquarium, donc aussi la croissance de vos plantes !<\/p>\n<p>Une meilleure teneur en CO2 signifie que les plantes sont en meilleure sant\u00e9 et qu\u2019elles poussent mieux, et que les algues ont donc moins de chances de prolif\u00e9rer. Ce r\u00e9actif pour drop checker est l\u00e0 pour vous y aider !<\/p>\n","protected":false},"featured_media":125610,"comment_status":"open","ping_status":"closed","template":"","meta":{"_acf_changed":false,"bwfblock_default_font":""},"product_brand":[],"product_cat":[1901],"product_tag":[],"class_list":{"0":"post-126385","1":"product","2":"type-product","3":"status-publish","4":"has-post-thumbnail","6":"product_cat-systemes-co2","7":"product_shipping_class-verzending-21","9":"first","10":"instock","11":"sale","12":"taxable","13":"shipping-taxable","14":"purchasable","15":"product-type-variable","16":"has-default-attributes"},"acf":[],"_links":{"self":[{"href":"https:\/\/planted-box.com\/fr\/wp-json\/wp\/v2\/product\/126385","targetHints":{"allow":["GET"]}}],"collection":[{"href":"https:\/\/planted-box.com\/fr\/wp-json\/wp\/v2\/product"}],"about":[{"href":"https:\/\/planted-box.com\/fr\/wp-json\/wp\/v2\/types\/product"}],"replies":[{"embeddable":true,"href":"https:\/\/planted-box.com\/fr\/wp-json\/wp\/v2\/comments?post=126385"}],"wp:featuredmedia":[{"embeddable":true,"href":"https:\/\/planted-box.com\/fr\/wp-json\/wp\/v2\/media\/125610"}],"wp:attachment":[{"href":"https:\/\/planted-box.com\/fr\/wp-json\/wp\/v2\/media?parent=126385"}],"wp:term":[{"taxonomy":"product_brand","embeddable":true,"href":"https:\/\/planted-box.com\/fr\/wp-json\/wp\/v2\/product_brand?post=126385"},{"taxonomy":"product_cat","embeddable":true,"href":"https:\/\/planted-box.com\/fr\/wp-json\/wp\/v2\/product_cat?post=126385"},{"taxonomy":"product_tag","embeddable":true,"href":"https:\/\/planted-box.com\/fr\/wp-json\/wp\/v2\/product_tag?post=126385"}],"curies":[{"name":"wp","href":"https:\/\/api.w.org\/{rel}","templated":true}]}}