{"id":126381,"date":"2019-04-08T10:39:52","date_gmt":"2019-04-08T08:39:52","guid":{"rendered":"https:\/\/planted-box.com\/product\/pro-atomizer\/"},"modified":"2026-04-25T10:53:20","modified_gmt":"2026-04-25T08:53:20","slug":"atomiseur-pro","status":"publish","type":"product","link":"https:\/\/planted-box.com\/fr\/product\/atomiseur-pro\/","title":{"rendered":"Atomiseur Pro"},"content":{"rendered":"","protected":false},"excerpt":{"rendered":"<p>Vous voulez ajouter du CO2 \u00e0 votre aquarium sans trop de gaspillage ? C\u2019est possible avec cet atomiseur de CO2 avec compte-bulles. Il cr\u00e9e des bulles de CO2 tr\u00e8s fines qui se dissolvent bien dans l\u2019eau. Le CO2 est alors mieux absorb\u00e9 par les plantes.<\/p>\n<p>\u2022 Peut \u00eatre d\u00e9mont\u00e9 enti\u00e8rement : entretien facile<br \/>\n\u2022 Compte-bulles int\u00e9gr\u00e9 : quantit\u00e9 de CO2 facile \u00e0 d\u00e9terminer<br \/>\n\u2022 Peut \u00eatre plac\u00e9 horizontalement et verticalement<br \/>\n\u2022 Raccord\u00e9 \u00e0 votre filtre externe, pas visible dans votre aquarium<br \/>\n\u2022 Membrane suppl\u00e9mentaire gratuite<br \/>\n\u2022 Conseils gratuits via le blog, le forum, les e-books et par e-mail<\/p>\n<p>Les bulles de CO2 se collent aux feuilles, ce qui aide les plantes \u00e0 absorber le CO2 plus facilement et donc mieux pousser. Id\u00e9al, non ?<\/p>\n","protected":false},"featured_media":141333,"comment_status":"open","ping_status":"closed","template":"","meta":{"_acf_changed":false,"bwfblock_default_font":""},"product_brand":[],"product_cat":[1903,1901],"product_tag":[],"class_list":{"0":"post-126381","1":"product","2":"type-product","3":"status-publish","4":"has-post-thumbnail","6":"product_cat-atomiseur-co2","7":"product_cat-systemes-co2","8":"product_shipping_class-verzending-21","10":"first","11":"instock","12":"sale","13":"taxable","14":"shipping-taxable","15":"purchasable","16":"product-type-variable","17":"has-default-attributes"},"acf":[],"_links":{"self":[{"href":"https:\/\/planted-box.com\/fr\/wp-json\/wp\/v2\/product\/126381","targetHints":{"allow":["GET"]}}],"collection":[{"href":"https:\/\/planted-box.com\/fr\/wp-json\/wp\/v2\/product"}],"about":[{"href":"https:\/\/planted-box.com\/fr\/wp-json\/wp\/v2\/types\/product"}],"replies":[{"embeddable":true,"href":"https:\/\/planted-box.com\/fr\/wp-json\/wp\/v2\/comments?post=126381"}],"wp:featuredmedia":[{"embeddable":true,"href":"https:\/\/planted-box.com\/fr\/wp-json\/wp\/v2\/media\/141333"}],"wp:attachment":[{"href":"https:\/\/planted-box.com\/fr\/wp-json\/wp\/v2\/media?parent=126381"}],"wp:term":[{"taxonomy":"product_brand","embeddable":true,"href":"https:\/\/planted-box.com\/fr\/wp-json\/wp\/v2\/product_brand?post=126381"},{"taxonomy":"product_cat","embeddable":true,"href":"https:\/\/planted-box.com\/fr\/wp-json\/wp\/v2\/product_cat?post=126381"},{"taxonomy":"product_tag","embeddable":true,"href":"https:\/\/planted-box.com\/fr\/wp-json\/wp\/v2\/product_tag?post=126381"}],"curies":[{"name":"wp","href":"https:\/\/api.w.org\/{rel}","templated":true}]}}