{"id":126373,"date":"2019-11-15T14:52:21","date_gmt":"2019-11-15T13:52:21","guid":{"rendered":"https:\/\/planted-box.com\/product\/co2-drukregelaar\/"},"modified":"2026-03-26T14:22:00","modified_gmt":"2026-03-26T13:22:00","slug":"detendeur-co2","status":"publish","type":"product","link":"https:\/\/planted-box.com\/fr\/product\/detendeur-co2\/","title":{"rendered":"D\u00e9tendeur CO2"},"content":{"rendered":"","protected":false},"excerpt":{"rendered":"<p>Vous cherchez un d\u00e9tendeur fiable, s\u00fbr et facile \u00e0 r\u00e9gler pour le CO2 de votre aquarium ? Ce d\u00e9tendeur de CO2 avec \u00e9lectrovanne pour aquarium est ce qu\u2019il vous faut !<\/p>\n<p>\u2022 Syst\u00e8me interne de stabilisation : comparable avec un \u201cdual stage\u201d<br \/>\n\u2022 Fabriqu\u00e9 en laiton : tr\u00e8s fiable et solide<br \/>\n\u2022 Vanne \u00e0 pointeau int\u00e9gr\u00e9e avec \u201cquick connect\u201d<br \/>\n\u2022 \u00c9lectrovanne 12V : tr\u00e8s silencieuse et chauffe peu<br \/>\n\u2022 Tr\u00e8s facile \u00e0 r\u00e9gler et supporte jusqu\u2019\u00e0 5 bars (!) de pression de travail<br \/>\n\u2022 Tr\u00e8s s\u00fbr gr\u00e2ce \u00e0 la soupape de s\u00e9curit\u00e9 en acier<br \/>\n\u2022 3 ans de garantie sur le d\u00e9tendeur<\/p>\n<p>De plus, mon d\u00e9tendeur de CO2 pour aquarium est fourni pr\u00eat \u00e0 utiliser, avec un guide de d\u00e9marrage tr\u00e8s pratique. En outre, vous recevrez par e-mail un e-book exclusif de 45 pages qui vous explique comment r\u00e9gler parfaitement votre CO2. Id\u00e9al pour bien d\u00e9marrer avec l\u2019ajout de CO2 dans votre aquarium&#8230;<\/p>\n","protected":false},"featured_media":147357,"comment_status":"open","ping_status":"closed","template":"","meta":{"_acf_changed":false,"bwfblock_default_font":""},"product_brand":[],"product_cat":[1910],"product_tag":[],"class_list":{"0":"post-126373","1":"product","2":"type-product","3":"status-publish","4":"has-post-thumbnail","6":"product_cat-detendeurs-co2-accessoires","7":"product_shipping_class-verzending-21","9":"first","10":"instock","11":"sale","12":"taxable","13":"shipping-taxable","14":"purchasable","15":"product-type-simple"},"acf":[],"_links":{"self":[{"href":"https:\/\/planted-box.com\/fr\/wp-json\/wp\/v2\/product\/126373","targetHints":{"allow":["GET"]}}],"collection":[{"href":"https:\/\/planted-box.com\/fr\/wp-json\/wp\/v2\/product"}],"about":[{"href":"https:\/\/planted-box.com\/fr\/wp-json\/wp\/v2\/types\/product"}],"replies":[{"embeddable":true,"href":"https:\/\/planted-box.com\/fr\/wp-json\/wp\/v2\/comments?post=126373"}],"wp:featuredmedia":[{"embeddable":true,"href":"https:\/\/planted-box.com\/fr\/wp-json\/wp\/v2\/media\/147357"}],"wp:attachment":[{"href":"https:\/\/planted-box.com\/fr\/wp-json\/wp\/v2\/media?parent=126373"}],"wp:term":[{"taxonomy":"product_brand","embeddable":true,"href":"https:\/\/planted-box.com\/fr\/wp-json\/wp\/v2\/product_brand?post=126373"},{"taxonomy":"product_cat","embeddable":true,"href":"https:\/\/planted-box.com\/fr\/wp-json\/wp\/v2\/product_cat?post=126373"},{"taxonomy":"product_tag","embeddable":true,"href":"https:\/\/planted-box.com\/fr\/wp-json\/wp\/v2\/product_tag?post=126373"}],"curies":[{"name":"wp","href":"https:\/\/api.w.org\/{rel}","templated":true}]}}