{"id":126370,"date":"2019-11-19T17:52:35","date_gmt":"2019-11-19T16:52:35","guid":{"rendered":"https:\/\/planted-box.com\/product\/complete-aquarium-co2-set\/"},"modified":"2026-03-26T14:20:00","modified_gmt":"2026-03-26T13:20:00","slug":"kit-co2-complet","status":"publish","type":"product","link":"https:\/\/planted-box.com\/fr\/product\/kit-co2-complet\/","title":{"rendered":"Kit CO2 complet"},"content":{"rendered":"","protected":false},"excerpt":{"rendered":"<p>Vous cherchez un kit de CO2 complet pour d\u00e9marrer rapidement l\u2019ajout de CO2 dans votre aquarium ? J\u2019ai une offre int\u00e9ressante pour vous\u2026<\/p>\n<p>\u2022 Kit de CO2 avec d\u00e9tendeur, bouteille de CO2, \u00e9lectrovanne et atomiseur<br \/>\n\u2022 Tuyau de CO2 de 2 m\u00e8tres et clapet anti-retour professionnel inclus gratuitement<br \/>\n\u2022 D\u00e9tendeur de qualit\u00e9 sup\u00e9rieure pouvant fonctionner jusqu\u2019\u00e0 5 bars<br \/>\n\u2022 Vanne \u00e0 pointeau extr\u00eamement pr\u00e9cise : facile \u00e0 r\u00e9gler<br \/>\n\u2022 Compatible avec tous les aquariums : de 30 litres \u00e0 1000 litres<br \/>\n\u2022 Raccord universel : compatible avec toutes les bouteilles de CO2 rechargeables<br \/>\n\u2022 Trois ans de garantie sur le d\u00e9tendeur<br \/>\n\u2022 Livr\u00e9 gratuitement chez vous, y compris en Belgique et en France !<\/p>\n<p>Ce syst\u00e8me de CO2 pour aquarium avec d\u00e9tendeur et bouteille de CO2 est fourni pr\u00eat \u00e0 utiliser et accompagn\u00e9 d\u2019un guide de d\u00e9marrage rapide. De plus, je vous envoie un e-mail avec un e-book exclusif de 45 pages (!) plein d\u2019astuces et conseils pour le CO2 de votre aquarium. Choisissez ci-dessous vos options et composez le syst\u00e8me de CO2 id\u00e9al pour votre aquarium.<\/p>\n","protected":false},"featured_media":147354,"comment_status":"open","ping_status":"closed","template":"","meta":{"_acf_changed":false,"bwfblock_default_font":""},"product_brand":[],"product_cat":[1912],"product_tag":[],"class_list":{"0":"post-126370","1":"product","2":"type-product","3":"status-publish","4":"has-post-thumbnail","6":"product_cat-kits-co2","7":"product_shipping_class-verzending-21","9":"first","10":"instock","11":"sale","12":"taxable","13":"shipping-taxable","14":"purchasable","15":"product-type-composite"},"acf":[],"_links":{"self":[{"href":"https:\/\/planted-box.com\/fr\/wp-json\/wp\/v2\/product\/126370","targetHints":{"allow":["GET"]}}],"collection":[{"href":"https:\/\/planted-box.com\/fr\/wp-json\/wp\/v2\/product"}],"about":[{"href":"https:\/\/planted-box.com\/fr\/wp-json\/wp\/v2\/types\/product"}],"replies":[{"embeddable":true,"href":"https:\/\/planted-box.com\/fr\/wp-json\/wp\/v2\/comments?post=126370"}],"wp:featuredmedia":[{"embeddable":true,"href":"https:\/\/planted-box.com\/fr\/wp-json\/wp\/v2\/media\/147354"}],"wp:attachment":[{"href":"https:\/\/planted-box.com\/fr\/wp-json\/wp\/v2\/media?parent=126370"}],"wp:term":[{"taxonomy":"product_brand","embeddable":true,"href":"https:\/\/planted-box.com\/fr\/wp-json\/wp\/v2\/product_brand?post=126370"},{"taxonomy":"product_cat","embeddable":true,"href":"https:\/\/planted-box.com\/fr\/wp-json\/wp\/v2\/product_cat?post=126370"},{"taxonomy":"product_tag","embeddable":true,"href":"https:\/\/planted-box.com\/fr\/wp-json\/wp\/v2\/product_tag?post=126370"}],"curies":[{"name":"wp","href":"https:\/\/api.w.org\/{rel}","templated":true}]}}