{"id":126359,"date":"2019-11-24T11:31:15","date_gmt":"2019-11-24T10:31:15","guid":{"rendered":"https:\/\/planted-box.com\/product\/pro-aquarium-terugslagventiel\/"},"modified":"2025-11-06T09:55:06","modified_gmt":"2025-11-06T08:55:06","slug":"clapet-anti-retour-pro","status":"publish","type":"product","link":"https:\/\/planted-box.com\/fr\/product\/clapet-anti-retour-pro\/","title":{"rendered":"Clapet anti-retour Pro"},"content":{"rendered":"","protected":false},"excerpt":{"rendered":"<p>Ce clapet anti-retour industriel se raccorde tr\u00e8s rapidement gr\u00e2ce au \u201cquick connect\u201d et il offre une protection optimale \u00e0 votre syst\u00e8me de CO2.<\/p>\n<p>\u2022 Qualit\u00e9 professionnelle, industrielle : ne se casse pas<br \/>\n\u2022 Permet d\u2019\u00e9viter des dommages \u00e0 votre syst\u00e8me de CO2<br \/>\n\u2022 Fonctionne avec tous les tuyaux de CO2 rigides, m\u00eame sous haute pression<br \/>\n\u2022 Tr\u00e8s rapide \u00e0 connecter et d\u00e9connecter<\/p>\n<p>En investissant dans un bon syst\u00e8me de CO2, choisissez de bien le prot\u00e9ger avec un clapet anti-retour professionnel !<\/p>\n","protected":false},"featured_media":132321,"comment_status":"open","ping_status":"closed","template":"","meta":{"_acf_changed":false,"bwfblock_default_font":""},"product_brand":[],"product_cat":[1907],"product_tag":[],"class_list":{"0":"post-126359","1":"product","2":"type-product","3":"status-publish","4":"has-post-thumbnail","6":"product_cat-anti-retour-co2","7":"product_shipping_class-verzending-21","9":"first","10":"instock","11":"taxable","12":"shipping-taxable","13":"purchasable","14":"product-type-simple"},"acf":[],"_links":{"self":[{"href":"https:\/\/planted-box.com\/fr\/wp-json\/wp\/v2\/product\/126359","targetHints":{"allow":["GET"]}}],"collection":[{"href":"https:\/\/planted-box.com\/fr\/wp-json\/wp\/v2\/product"}],"about":[{"href":"https:\/\/planted-box.com\/fr\/wp-json\/wp\/v2\/types\/product"}],"replies":[{"embeddable":true,"href":"https:\/\/planted-box.com\/fr\/wp-json\/wp\/v2\/comments?post=126359"}],"wp:featuredmedia":[{"embeddable":true,"href":"https:\/\/planted-box.com\/fr\/wp-json\/wp\/v2\/media\/132321"}],"wp:attachment":[{"href":"https:\/\/planted-box.com\/fr\/wp-json\/wp\/v2\/media?parent=126359"}],"wp:term":[{"taxonomy":"product_brand","embeddable":true,"href":"https:\/\/planted-box.com\/fr\/wp-json\/wp\/v2\/product_brand?post=126359"},{"taxonomy":"product_cat","embeddable":true,"href":"https:\/\/planted-box.com\/fr\/wp-json\/wp\/v2\/product_cat?post=126359"},{"taxonomy":"product_tag","embeddable":true,"href":"https:\/\/planted-box.com\/fr\/wp-json\/wp\/v2\/product_tag?post=126359"}],"curies":[{"name":"wp","href":"https:\/\/api.w.org\/{rel}","templated":true}]}}