{"id":126357,"date":"2019-11-24T11:56:22","date_gmt":"2019-11-24T10:56:22","guid":{"rendered":"https:\/\/planted-box.com\/product\/aquarium-co2-slang\/"},"modified":"2026-01-05T09:15:16","modified_gmt":"2026-01-05T08:15:16","slug":"tuyau-co2-rigide","status":"publish","type":"product","link":"https:\/\/planted-box.com\/fr\/product\/tuyau-co2-rigide\/","title":{"rendered":"Tuyau de CO2 rigide"},"content":{"rendered":"","protected":false},"excerpt":{"rendered":"<p>Vous cherchez un bon tuyau de CO2 pour aquarium qui garde sa qualit\u00e9 pendant longtemps et ne se d\u00e9connecte pas quand vous augmentez votre pression de travail de CO2 ? Essayez ce tuyau de CO2 haute pression !<\/p>\n<p>\u2022 Qualit\u00e9 professionnelle, industrielle : ne fuit pas et ne se durcit pas avec le temps<br \/>\n\u2022 Ne saute pas, m\u00eame en cas de haute pression<br \/>\n\u2022 Diam\u00e8tre 4\/6mm, donc compatible avec tous les syst\u00e8mes de CO2 pour aquarium<\/p>\n<p>Le prix donn\u00e9 est par m\u00e8tre de tuyau de CO2. Si vous voulez par exemple commander 5 m\u00e8tres de ce tuyau de CO2, vous achetez 5 articles.<\/p>\n","protected":false},"featured_media":132303,"comment_status":"open","ping_status":"closed","template":"","meta":{"_acf_changed":false,"bwfblock_default_font":""},"product_brand":[],"product_cat":[1906],"product_tag":[],"class_list":{"0":"post-126357","1":"product","2":"type-product","3":"status-publish","4":"has-post-thumbnail","6":"product_cat-tuyaux-co2-accessoires","7":"product_shipping_class-verzending-21","9":"first","10":"instock","11":"sale","12":"taxable","13":"shipping-taxable","14":"purchasable","15":"product-type-simple"},"acf":[],"_links":{"self":[{"href":"https:\/\/planted-box.com\/fr\/wp-json\/wp\/v2\/product\/126357","targetHints":{"allow":["GET"]}}],"collection":[{"href":"https:\/\/planted-box.com\/fr\/wp-json\/wp\/v2\/product"}],"about":[{"href":"https:\/\/planted-box.com\/fr\/wp-json\/wp\/v2\/types\/product"}],"replies":[{"embeddable":true,"href":"https:\/\/planted-box.com\/fr\/wp-json\/wp\/v2\/comments?post=126357"}],"wp:featuredmedia":[{"embeddable":true,"href":"https:\/\/planted-box.com\/fr\/wp-json\/wp\/v2\/media\/132303"}],"wp:attachment":[{"href":"https:\/\/planted-box.com\/fr\/wp-json\/wp\/v2\/media?parent=126357"}],"wp:term":[{"taxonomy":"product_brand","embeddable":true,"href":"https:\/\/planted-box.com\/fr\/wp-json\/wp\/v2\/product_brand?post=126357"},{"taxonomy":"product_cat","embeddable":true,"href":"https:\/\/planted-box.com\/fr\/wp-json\/wp\/v2\/product_cat?post=126357"},{"taxonomy":"product_tag","embeddable":true,"href":"https:\/\/planted-box.com\/fr\/wp-json\/wp\/v2\/product_tag?post=126357"}],"curies":[{"name":"wp","href":"https:\/\/api.w.org\/{rel}","templated":true}]}}