{"id":126351,"date":"2019-11-25T21:43:03","date_gmt":"2019-11-25T20:43:03","guid":{"rendered":"https:\/\/planted-box.com\/product\/bulb-glazen-bellenteller\/"},"modified":"2025-05-15T23:08:08","modified_gmt":"2025-05-15T21:08:08","slug":"compte-bulle-verre-bulb","status":"publish","type":"product","link":"https:\/\/planted-box.com\/fr\/product\/compte-bulle-verre-bulb\/","title":{"rendered":"Compte-bulle en verre \u201cBulb\u201d"},"content":{"rendered":"","protected":false},"excerpt":{"rendered":"<p>Avec le compte-bulles pour aquarium \u201cBulb\u201d, vous pouvez facilement regarder la quantit\u00e9 de CO2 qui entre dans votre aquarium. Id\u00e9al pour un bon r\u00e9glage de votre CO2 !<\/p>\n<p>\u2022 Tr\u00e8s solide gr\u00e2ce au verre borosilicat\u00e9<br \/>\n\u2022 Kit complet avec ventouses et clapet anti-retour<br \/>\n\u2022 Tr\u00e8s \u00e9l\u00e9gant dans votre aquarium<\/p>\n<p>Ce compte-bulles est un petit investissement de grande importance, car il vous donne un meilleur contr\u00f4le de la quantit\u00e9 de CO2 qui entre dans votre aquarium. Et c\u2019est donc meilleur pour vos plantes et plus s\u00fbr pour vos poissons.<\/p>\n","protected":false},"featured_media":132331,"comment_status":"open","ping_status":"closed","template":"","meta":{"_acf_changed":false,"bwfblock_default_font":""},"product_brand":[],"product_cat":[1909],"product_tag":[],"class_list":{"0":"post-126351","1":"product","2":"type-product","3":"status-publish","4":"has-post-thumbnail","6":"product_cat-compte-bulles-co2","7":"product_shipping_class-verzending-21","9":"first","10":"instock","11":"sale","12":"taxable","13":"shipping-taxable","14":"purchasable","15":"product-type-simple"},"acf":[],"_links":{"self":[{"href":"https:\/\/planted-box.com\/fr\/wp-json\/wp\/v2\/product\/126351","targetHints":{"allow":["GET"]}}],"collection":[{"href":"https:\/\/planted-box.com\/fr\/wp-json\/wp\/v2\/product"}],"about":[{"href":"https:\/\/planted-box.com\/fr\/wp-json\/wp\/v2\/types\/product"}],"replies":[{"embeddable":true,"href":"https:\/\/planted-box.com\/fr\/wp-json\/wp\/v2\/comments?post=126351"}],"wp:featuredmedia":[{"embeddable":true,"href":"https:\/\/planted-box.com\/fr\/wp-json\/wp\/v2\/media\/132331"}],"wp:attachment":[{"href":"https:\/\/planted-box.com\/fr\/wp-json\/wp\/v2\/media?parent=126351"}],"wp:term":[{"taxonomy":"product_brand","embeddable":true,"href":"https:\/\/planted-box.com\/fr\/wp-json\/wp\/v2\/product_brand?post=126351"},{"taxonomy":"product_cat","embeddable":true,"href":"https:\/\/planted-box.com\/fr\/wp-json\/wp\/v2\/product_cat?post=126351"},{"taxonomy":"product_tag","embeddable":true,"href":"https:\/\/planted-box.com\/fr\/wp-json\/wp\/v2\/product_tag?post=126351"}],"curies":[{"name":"wp","href":"https:\/\/api.w.org\/{rel}","templated":true}]}}