{"id":126344,"date":"2019-12-03T17:43:56","date_gmt":"2019-12-03T16:43:56","guid":{"rendered":"https:\/\/planted-box.com\/product\/regular-glazen-bellenteller\/"},"modified":"2025-05-15T20:21:41","modified_gmt":"2025-05-15T18:21:41","slug":"compte-bulles-verre-regular","status":"publish","type":"product","link":"https:\/\/planted-box.com\/fr\/product\/compte-bulles-verre-regular\/","title":{"rendered":"Compte-bulles en verre \u201cRegular\u201d"},"content":{"rendered":"","protected":false},"excerpt":{"rendered":"<p>Vous voulez mesurer combien de CO2 vous ajoutez \u00e0 votre aquarium ? Le compte-bulles \u201cRegular\u201d vous facilite la vie !<\/p>\n<p>\u2022 Fabriqu\u00e9 en verre borosilicat\u00e9, donc plus solide que les compte-bulles en verre classique<br \/>\n\u2022 Fourni avec des ventouses et un clapet anti-retour en verre gratuit<br \/>\n\u2022 Belle finition, tr\u00e8s \u00e9l\u00e9gant dans votre aquarium<\/p>\n<p>Id\u00e9al pour bien r\u00e9gler votre CO2 et ajouter un bel \u00e9l\u00e9ment de design \u00e0 votre aquarium.<\/p>\n","protected":false},"featured_media":132337,"comment_status":"open","ping_status":"closed","template":"","meta":{"_acf_changed":false,"bwfblock_default_font":""},"product_brand":[],"product_cat":[1909],"product_tag":[],"class_list":{"0":"post-126344","1":"product","2":"type-product","3":"status-publish","4":"has-post-thumbnail","6":"product_cat-compte-bulles-co2","7":"product_shipping_class-verzending-21","9":"first","10":"instock","11":"sale","12":"taxable","13":"shipping-taxable","14":"purchasable","15":"product-type-simple"},"acf":[],"_links":{"self":[{"href":"https:\/\/planted-box.com\/fr\/wp-json\/wp\/v2\/product\/126344","targetHints":{"allow":["GET"]}}],"collection":[{"href":"https:\/\/planted-box.com\/fr\/wp-json\/wp\/v2\/product"}],"about":[{"href":"https:\/\/planted-box.com\/fr\/wp-json\/wp\/v2\/types\/product"}],"replies":[{"embeddable":true,"href":"https:\/\/planted-box.com\/fr\/wp-json\/wp\/v2\/comments?post=126344"}],"wp:featuredmedia":[{"embeddable":true,"href":"https:\/\/planted-box.com\/fr\/wp-json\/wp\/v2\/media\/132337"}],"wp:attachment":[{"href":"https:\/\/planted-box.com\/fr\/wp-json\/wp\/v2\/media?parent=126344"}],"wp:term":[{"taxonomy":"product_brand","embeddable":true,"href":"https:\/\/planted-box.com\/fr\/wp-json\/wp\/v2\/product_brand?post=126344"},{"taxonomy":"product_cat","embeddable":true,"href":"https:\/\/planted-box.com\/fr\/wp-json\/wp\/v2\/product_cat?post=126344"},{"taxonomy":"product_tag","embeddable":true,"href":"https:\/\/planted-box.com\/fr\/wp-json\/wp\/v2\/product_tag?post=126344"}],"curies":[{"name":"wp","href":"https:\/\/api.w.org\/{rel}","templated":true}]}}