{"id":126342,"date":"2019-12-03T18:02:33","date_gmt":"2019-12-03T17:02:33","guid":{"rendered":"https:\/\/planted-box.com\/product\/plastic-bellenteller\/"},"modified":"2025-05-20T16:30:11","modified_gmt":"2025-05-20T14:30:11","slug":"compte-bulles-plastique","status":"publish","type":"product","link":"https:\/\/planted-box.com\/fr\/product\/compte-bulles-plastique\/","title":{"rendered":"Compte-bulles en plastique"},"content":{"rendered":"","protected":false},"excerpt":{"rendered":"<p>Ce compte-bulles en plastique est id\u00e9al pour une installation dans votre meuble d\u2019aquarium. Il suffit de le visser et voil\u00e0.<\/p>\n<p>\u2022 Tr\u00e8s facile \u00e0 remplir, il suffit de d\u00e9visser le bouchon<br \/>\n\u2022 Facile \u00e0 monter dans le meuble de l\u2019aquarium ou sur le verre de l\u2019aquarium<br \/>\n\u2022 Connexions solides en plastiques compatibles avec les tuyaux pour CO2 standard<\/p>\n<p>Avec ce compte-bulles pour aquarium, vous pouvez facilement contr\u00f4ler la quantit\u00e9 de CO2 que vous ajoutez \u00e0 votre aquarium. Il vous aide \u00e0 tout bien r\u00e9gler de mani\u00e8re s\u00fbre, autant pour le bien de vos plantes que celui de vos poissons !<\/p>\n","protected":false},"featured_media":132334,"comment_status":"open","ping_status":"closed","template":"","meta":{"_acf_changed":false,"bwfblock_default_font":""},"product_brand":[],"product_cat":[1909],"product_tag":[],"class_list":{"0":"post-126342","1":"product","2":"type-product","3":"status-publish","4":"has-post-thumbnail","6":"product_cat-compte-bulles-co2","7":"product_shipping_class-verzending-21","9":"first","10":"instock","11":"sale","12":"taxable","13":"shipping-taxable","14":"purchasable","15":"product-type-simple"},"acf":[],"_links":{"self":[{"href":"https:\/\/planted-box.com\/fr\/wp-json\/wp\/v2\/product\/126342","targetHints":{"allow":["GET"]}}],"collection":[{"href":"https:\/\/planted-box.com\/fr\/wp-json\/wp\/v2\/product"}],"about":[{"href":"https:\/\/planted-box.com\/fr\/wp-json\/wp\/v2\/types\/product"}],"replies":[{"embeddable":true,"href":"https:\/\/planted-box.com\/fr\/wp-json\/wp\/v2\/comments?post=126342"}],"wp:featuredmedia":[{"embeddable":true,"href":"https:\/\/planted-box.com\/fr\/wp-json\/wp\/v2\/media\/132334"}],"wp:attachment":[{"href":"https:\/\/planted-box.com\/fr\/wp-json\/wp\/v2\/media?parent=126342"}],"wp:term":[{"taxonomy":"product_brand","embeddable":true,"href":"https:\/\/planted-box.com\/fr\/wp-json\/wp\/v2\/product_brand?post=126342"},{"taxonomy":"product_cat","embeddable":true,"href":"https:\/\/planted-box.com\/fr\/wp-json\/wp\/v2\/product_cat?post=126342"},{"taxonomy":"product_tag","embeddable":true,"href":"https:\/\/planted-box.com\/fr\/wp-json\/wp\/v2\/product_tag?post=126342"}],"curies":[{"name":"wp","href":"https:\/\/api.w.org\/{rel}","templated":true}]}}