{"id":126340,"date":"2019-12-03T18:31:35","date_gmt":"2019-12-03T17:31:35","guid":{"rendered":"https:\/\/planted-box.com\/product\/plastic-terugslagventiel\/"},"modified":"2026-03-26T14:31:42","modified_gmt":"2026-03-26T13:31:42","slug":"clapet-antiretour-plastique","status":"publish","type":"product","link":"https:\/\/planted-box.com\/fr\/product\/clapet-antiretour-plastique\/","title":{"rendered":"Clapet anti-retour en plastique"},"content":{"rendered":"","protected":false},"excerpt":{"rendered":"<p>Ce clapet anti-retour pour CO2 d\u2019aquarium est facile \u00e0 installer et prot\u00e8ge votre syst\u00e8me de CO2 de dommages caus\u00e9s par l\u2019eau de l\u2019aquarium.<\/p>\n<p>\u2022 Set de 2 clapets anti-retour<br \/>\n\u2022 Le sens de circulation de votre CO2 est clairement indiqu\u00e9<br \/>\n\u2022 Tr\u00e8s facile \u00e0 installer<\/p>\n<p>Prot\u00e9gez votre syst\u00e8me de CO2 avec un bon clapet anti-retour. Un petit prix pour \u00e9viter de gros probl\u00e8mes !<\/p>\n","protected":false},"featured_media":132324,"comment_status":"open","ping_status":"closed","template":"","meta":{"_acf_changed":false,"bwfblock_default_font":""},"product_brand":[],"product_cat":[1907],"product_tag":[],"class_list":{"0":"post-126340","1":"product","2":"type-product","3":"status-publish","4":"has-post-thumbnail","6":"product_cat-anti-retour-co2","7":"product_shipping_class-verzending-21","9":"first","10":"instock","11":"taxable","12":"shipping-taxable","13":"purchasable","14":"product-type-simple"},"acf":[],"_links":{"self":[{"href":"https:\/\/planted-box.com\/fr\/wp-json\/wp\/v2\/product\/126340","targetHints":{"allow":["GET"]}}],"collection":[{"href":"https:\/\/planted-box.com\/fr\/wp-json\/wp\/v2\/product"}],"about":[{"href":"https:\/\/planted-box.com\/fr\/wp-json\/wp\/v2\/types\/product"}],"replies":[{"embeddable":true,"href":"https:\/\/planted-box.com\/fr\/wp-json\/wp\/v2\/comments?post=126340"}],"wp:featuredmedia":[{"embeddable":true,"href":"https:\/\/planted-box.com\/fr\/wp-json\/wp\/v2\/media\/132324"}],"wp:attachment":[{"href":"https:\/\/planted-box.com\/fr\/wp-json\/wp\/v2\/media?parent=126340"}],"wp:term":[{"taxonomy":"product_brand","embeddable":true,"href":"https:\/\/planted-box.com\/fr\/wp-json\/wp\/v2\/product_brand?post=126340"},{"taxonomy":"product_cat","embeddable":true,"href":"https:\/\/planted-box.com\/fr\/wp-json\/wp\/v2\/product_cat?post=126340"},{"taxonomy":"product_tag","embeddable":true,"href":"https:\/\/planted-box.com\/fr\/wp-json\/wp\/v2\/product_tag?post=126340"}],"curies":[{"name":"wp","href":"https:\/\/api.w.org\/{rel}","templated":true}]}}