{"id":126336,"date":"2020-02-02T11:30:49","date_gmt":"2020-02-02T10:30:49","guid":{"rendered":"https:\/\/planted-box.com\/product\/quick-connector-magneetventiel\/"},"modified":"2026-04-22T07:29:21","modified_gmt":"2026-04-22T05:29:21","slug":"raccord-rapide-electrovanne","status":"publish","type":"product","link":"https:\/\/planted-box.com\/fr\/product\/raccord-rapide-electrovanne\/","title":{"rendered":"Raccords rapides pour \u00e9lectrovanne"},"content":{"rendered":"","protected":false},"excerpt":{"rendered":"<p>Ce raccord rapide est parfaitement compatible avec l\u2019\u00e9lectrovanne pour CO2 de PlantedBox et permet de connecter votre tuyau de CO2 de mani\u00e8re s\u00fbre et rapide.<\/p>\n<ul>\n<li>Set de 2 raccords rapides<\/li>\n<li>Compatible avec les tuyaux de CO2 de diam\u00e8tre 4\/6 mm (version rigide)<\/li>\n<li>Tr\u00e8s facile \u00e0 installer : il suffit d\u2019enfoncer le tuyau dedans et voil\u00e0<\/li>\n<li>Avec joint d\u2019\u00e9tanch\u00e9it\u00e9 : pas besoin de t\u00e9flon<\/li>\n<\/ul>\n<p>Raccordez votre tuyau de CO2 \u00e0 votre \u00e9lectrovanne en toute simplicit\u00e9 gr\u00e2ce \u00e0 ce quick connect !<\/p>\n","protected":false},"featured_media":125787,"comment_status":"open","ping_status":"closed","template":"","meta":{"_acf_changed":false,"bwfblock_default_font":""},"product_brand":[],"product_cat":[1905],"product_tag":[],"class_list":{"0":"post-126336","1":"product","2":"type-product","3":"status-publish","4":"has-post-thumbnail","6":"product_cat-electrovanne-co2","7":"product_shipping_class-verzending-21","9":"first","10":"instock","11":"taxable","12":"shipping-taxable","13":"purchasable","14":"product-type-simple"},"acf":[],"_links":{"self":[{"href":"https:\/\/planted-box.com\/fr\/wp-json\/wp\/v2\/product\/126336","targetHints":{"allow":["GET"]}}],"collection":[{"href":"https:\/\/planted-box.com\/fr\/wp-json\/wp\/v2\/product"}],"about":[{"href":"https:\/\/planted-box.com\/fr\/wp-json\/wp\/v2\/types\/product"}],"replies":[{"embeddable":true,"href":"https:\/\/planted-box.com\/fr\/wp-json\/wp\/v2\/comments?post=126336"}],"wp:featuredmedia":[{"embeddable":true,"href":"https:\/\/planted-box.com\/fr\/wp-json\/wp\/v2\/media\/125787"}],"wp:attachment":[{"href":"https:\/\/planted-box.com\/fr\/wp-json\/wp\/v2\/media?parent=126336"}],"wp:term":[{"taxonomy":"product_brand","embeddable":true,"href":"https:\/\/planted-box.com\/fr\/wp-json\/wp\/v2\/product_brand?post=126336"},{"taxonomy":"product_cat","embeddable":true,"href":"https:\/\/planted-box.com\/fr\/wp-json\/wp\/v2\/product_cat?post=126336"},{"taxonomy":"product_tag","embeddable":true,"href":"https:\/\/planted-box.com\/fr\/wp-json\/wp\/v2\/product_tag?post=126336"}],"curies":[{"name":"wp","href":"https:\/\/api.w.org\/{rel}","templated":true}]}}