{"id":126334,"date":"2020-03-25T14:16:56","date_gmt":"2020-03-25T13:16:56","guid":{"rendered":"https:\/\/planted-box.com\/product\/voet-voor-co2-fles\/"},"modified":"2025-05-01T10:02:09","modified_gmt":"2025-05-01T08:02:09","slug":"pied-bouteille-co2","status":"publish","type":"product","link":"https:\/\/planted-box.com\/fr\/product\/pied-bouteille-co2\/","title":{"rendered":"Pied pour bouteille de CO2"},"content":{"rendered":"","protected":false},"excerpt":{"rendered":"<p>Ce pied est id\u00e9al pour que votre bouteille de CO2 de 500 g tienne debout dans votre meuble d\u2019aquarium.<\/p>\n<ul>\n<li>Votre bouteille de CO2 de 500 g ne tombe pas toute seule, ce qui est beaucoup plus s\u00fbr !<\/li>\n<li>Fabriqu\u00e9 en plastique dur : incassable<\/li>\n<li>Compatible avec toutes les bouteilles de CO2 d\u2019un diam\u00e8tre de 60 mm<\/li>\n<\/ul>\n<p>Id\u00e9al pour installer en toute s\u00e9curit\u00e9 votre bouteille de CO2 dans votre meuble d\u2019aquarium, sans risque de chute !<\/p>\n","protected":false},"featured_media":125488,"comment_status":"open","ping_status":"closed","template":"","meta":{"_acf_changed":false,"bwfblock_default_font":""},"product_brand":[],"product_cat":[1911],"product_tag":[],"class_list":{"0":"post-126334","1":"product","2":"type-product","3":"status-publish","4":"has-post-thumbnail","6":"product_cat-bouteilles-co2-accessoires","7":"product_shipping_class-verzending-21","9":"first","10":"instock","11":"sale","12":"taxable","13":"shipping-taxable","14":"purchasable","15":"product-type-simple"},"acf":[],"_links":{"self":[{"href":"https:\/\/planted-box.com\/fr\/wp-json\/wp\/v2\/product\/126334","targetHints":{"allow":["GET"]}}],"collection":[{"href":"https:\/\/planted-box.com\/fr\/wp-json\/wp\/v2\/product"}],"about":[{"href":"https:\/\/planted-box.com\/fr\/wp-json\/wp\/v2\/types\/product"}],"replies":[{"embeddable":true,"href":"https:\/\/planted-box.com\/fr\/wp-json\/wp\/v2\/comments?post=126334"}],"wp:featuredmedia":[{"embeddable":true,"href":"https:\/\/planted-box.com\/fr\/wp-json\/wp\/v2\/media\/125488"}],"wp:attachment":[{"href":"https:\/\/planted-box.com\/fr\/wp-json\/wp\/v2\/media?parent=126334"}],"wp:term":[{"taxonomy":"product_brand","embeddable":true,"href":"https:\/\/planted-box.com\/fr\/wp-json\/wp\/v2\/product_brand?post=126334"},{"taxonomy":"product_cat","embeddable":true,"href":"https:\/\/planted-box.com\/fr\/wp-json\/wp\/v2\/product_cat?post=126334"},{"taxonomy":"product_tag","embeddable":true,"href":"https:\/\/planted-box.com\/fr\/wp-json\/wp\/v2\/product_tag?post=126334"}],"curies":[{"name":"wp","href":"https:\/\/api.w.org\/{rel}","templated":true}]}}