{"id":126331,"date":"2020-10-23T12:14:06","date_gmt":"2020-10-23T10:14:06","guid":{"rendered":"https:\/\/planted-box.com\/product\/pro-bellenteller\/"},"modified":"2026-04-16T09:31:18","modified_gmt":"2026-04-16T07:31:18","slug":"compte-bulles-pro","status":"publish","type":"product","link":"https:\/\/planted-box.com\/fr\/product\/compte-bulles-pro\/","title":{"rendered":"Compte-bulles Pro"},"content":{"rendered":"","protected":false},"excerpt":{"rendered":"<p>Vous voulez \u00e9quiper votre d\u00e9tendeur de CO2 PlantedBox d\u2019un compte-bulles de qualit\u00e9 ? Le compte-bulles Pro est un v\u00e9ritable must-have. Vous le vissez directement sur la vanne \u00e0 pointeau, vous le remplissez d\u2019eau et voil\u00e0.<\/p>\n<p>Les avantages du compte-bulles en acier pour aquarium<\/p>\n<ul>\n<li>Parfaitement compatible avec le d\u00e9tendeur PlantedBox<\/li>\n<li>Clapet anti-retour int\u00e9gr\u00e9<\/li>\n<li>Tr\u00e8s facile \u00e0 remplir avec de l\u2019eau<\/li>\n<li>Peut \u00eatre d\u00e9mont\u00e9 enti\u00e8rement pour l\u2019entretien<\/li>\n<li>Les bulles de CO2 sont tr\u00e8s faciles \u00e0 observer<\/li>\n<li>Conseils gratuits via le blog, les e-books et par e-mail<\/li>\n<\/ul>\n<p>Avec ce compte-gouttes en m\u00e9tal, vous pouvez tr\u00e8s facilement contr\u00f4ler et ajuster la quantit\u00e9 de CO2 que vous ajoutez.<\/p>\n","protected":false},"featured_media":139023,"comment_status":"open","ping_status":"closed","template":"","meta":{"_acf_changed":false,"bwfblock_default_font":""},"product_brand":[],"product_cat":[1909],"product_tag":[],"class_list":{"0":"post-126331","1":"product","2":"type-product","3":"status-publish","4":"has-post-thumbnail","6":"product_cat-compte-bulles-co2","7":"product_shipping_class-verzending-21","9":"first","10":"outofstock","11":"sale","12":"taxable","13":"shipping-taxable","14":"purchasable","15":"product-type-simple"},"acf":[],"_links":{"self":[{"href":"https:\/\/planted-box.com\/fr\/wp-json\/wp\/v2\/product\/126331","targetHints":{"allow":["GET"]}}],"collection":[{"href":"https:\/\/planted-box.com\/fr\/wp-json\/wp\/v2\/product"}],"about":[{"href":"https:\/\/planted-box.com\/fr\/wp-json\/wp\/v2\/types\/product"}],"replies":[{"embeddable":true,"href":"https:\/\/planted-box.com\/fr\/wp-json\/wp\/v2\/comments?post=126331"}],"wp:featuredmedia":[{"embeddable":true,"href":"https:\/\/planted-box.com\/fr\/wp-json\/wp\/v2\/media\/139023"}],"wp:attachment":[{"href":"https:\/\/planted-box.com\/fr\/wp-json\/wp\/v2\/media?parent=126331"}],"wp:term":[{"taxonomy":"product_brand","embeddable":true,"href":"https:\/\/planted-box.com\/fr\/wp-json\/wp\/v2\/product_brand?post=126331"},{"taxonomy":"product_cat","embeddable":true,"href":"https:\/\/planted-box.com\/fr\/wp-json\/wp\/v2\/product_cat?post=126331"},{"taxonomy":"product_tag","embeddable":true,"href":"https:\/\/planted-box.com\/fr\/wp-json\/wp\/v2\/product_tag?post=126331"}],"curies":[{"name":"wp","href":"https:\/\/api.w.org\/{rel}","templated":true}]}}