{"id":126315,"date":"2024-12-18T15:12:22","date_gmt":"2024-12-18T14:12:22","guid":{"rendered":"https:\/\/planted-box.com\/product\/pro-diffuser\/"},"modified":"2026-03-11T14:09:14","modified_gmt":"2026-03-11T13:09:14","slug":"pro-diffuser","status":"publish","type":"product","link":"https:\/\/planted-box.com\/fr\/product\/pro-diffuser\/","title":{"rendered":"Pro CO2 diffuser"},"content":{"rendered":"","protected":false},"excerpt":{"rendered":"<p>Ajoutez du CO2 \u00e0 votre aquarium avec efficacit\u00e9 et simplicit\u00e9 gr\u00e2ce au diffuseur de CO2 Pro de PlantedBox. Ce diffuseur est fabriqu\u00e9 en acryl donc il ne casse pas, et il a une membrane unique permettant de produire des bulles de CO2 encore plus fines.<\/p>\n<p>Les avantages de ce diffuseur de CO2 pour plantes d\u2019aquarium<\/p>\n<ul>\n<li>\u00a0Facile \u00e0 installer<\/li>\n<li>Nouvelle membrane pour des bulles de CO2 superfines<\/li>\n<li>La membrane peut \u00eatre d\u00e9viss\u00e9e si n\u00e9cessaire<\/li>\n<li>Fabrication en plastique : ne casse pas<\/li>\n<li>Design \u00e9l\u00e9gant, id\u00e9al pour les aquascapes<\/li>\n<li>Tient bien en place gr\u00e2ce aux 2 ventouses robustes fournies<\/li>\n<li>Conseils gratuits via le blog, le forum, les e-books et par e-mail<\/li>\n<\/ul>\n<p>Vous voulez tirer le meilleur de votre syst\u00e8me de CO2 ? Le diffuseur de CO2 Pro de PlantedBox est un must !<\/p>\n","protected":false},"featured_media":132294,"comment_status":"open","ping_status":"closed","template":"","meta":{"_acf_changed":false,"bwfblock_default_font":""},"product_brand":[],"product_cat":[1902],"product_tag":[],"class_list":{"0":"post-126315","1":"product","2":"type-product","3":"status-publish","4":"has-post-thumbnail","6":"product_cat-diffuseurs-co2","7":"pa_formaat-large-vanaf-200-liter-fr","8":"pa_formaat-medium-200-fr","10":"first","11":"outofstock","12":"sale","13":"taxable","14":"shipping-taxable","15":"purchasable","16":"product-type-variable","17":"has-default-attributes"},"acf":[],"_links":{"self":[{"href":"https:\/\/planted-box.com\/fr\/wp-json\/wp\/v2\/product\/126315","targetHints":{"allow":["GET"]}}],"collection":[{"href":"https:\/\/planted-box.com\/fr\/wp-json\/wp\/v2\/product"}],"about":[{"href":"https:\/\/planted-box.com\/fr\/wp-json\/wp\/v2\/types\/product"}],"replies":[{"embeddable":true,"href":"https:\/\/planted-box.com\/fr\/wp-json\/wp\/v2\/comments?post=126315"}],"wp:featuredmedia":[{"embeddable":true,"href":"https:\/\/planted-box.com\/fr\/wp-json\/wp\/v2\/media\/132294"}],"wp:attachment":[{"href":"https:\/\/planted-box.com\/fr\/wp-json\/wp\/v2\/media?parent=126315"}],"wp:term":[{"taxonomy":"product_brand","embeddable":true,"href":"https:\/\/planted-box.com\/fr\/wp-json\/wp\/v2\/product_brand?post=126315"},{"taxonomy":"product_cat","embeddable":true,"href":"https:\/\/planted-box.com\/fr\/wp-json\/wp\/v2\/product_cat?post=126315"},{"taxonomy":"product_tag","embeddable":true,"href":"https:\/\/planted-box.com\/fr\/wp-json\/wp\/v2\/product_tag?post=126315"}],"curies":[{"name":"wp","href":"https:\/\/api.w.org\/{rel}","templated":true}]}}