{"id":126278,"date":"2016-01-08T20:41:54","date_gmt":"2016-01-08T19:41:54","guid":{"rendered":"https:\/\/planted-box.com\/partnersites\/"},"modified":"2022-06-17T16:41:03","modified_gmt":"2022-06-17T14:41:03","slug":"sites-partenaires","status":"publish","type":"page","link":"https:\/\/planted-box.com\/fr\/sites-partenaires\/","title":{"rendered":"Sites partenaires"},"content":{"rendered":"<p>Vous trouverez ci-dessous une liste de sites partenaires que vous devriez absolument consulter !<\/p>\n<ul>\n<li style=\"list-style-type: none;\">\n<ul>\n<li>Cichlidenkwekers.nl : bien que vous puissiez vous attendre \u00e0 ce que ce site ne concerne que les cichlid\u00e9s, vous y trouverez de nombreux autres articles int\u00e9ressants. Une visite s&rsquo;impose.<\/li>\n<li><a href=\"https:\/\/annuaireprofessionnel.be\" target=\"_blank\" rel=\"noopener\">Annuaire professionel<\/a><\/li>\n<li><a href=\"https:\/\/www.toplien.fr\/\" target=\"_blank\" rel=\"noopener\">annuaire<\/a> <a href=\"https:\/\/www.toplien.fr\/loisir\/hobby\/aquariophilie\/\" target=\"_blank\" rel=\"noopener\">Aquariums et poissons<\/a><\/li>\n<\/ul>\n<\/li>\n<\/ul>\n","protected":false},"excerpt":{"rendered":"<p>Vous trouverez ci-dessous une liste de sites partenaires que vous devriez absolument consulter ! Cichlidenkwekers.nl : bien que vous puissiez vous attendre \u00e0 ce que ce site ne concerne que les cichlid\u00e9s, vous y trouverez de nombreux autres &hellip;<\/p>\n","protected":false},"author":2,"featured_media":0,"parent":0,"menu_order":0,"comment_status":"closed","ping_status":"closed","template":"","meta":{"_acf_changed":false,"bwfblock_default_font":"","footnotes":""},"class_list":["post-126278","page","type-page","status-publish","hentry"],"acf":[],"_links":{"self":[{"href":"https:\/\/planted-box.com\/fr\/wp-json\/wp\/v2\/pages\/126278","targetHints":{"allow":["GET"]}}],"collection":[{"href":"https:\/\/planted-box.com\/fr\/wp-json\/wp\/v2\/pages"}],"about":[{"href":"https:\/\/planted-box.com\/fr\/wp-json\/wp\/v2\/types\/page"}],"author":[{"embeddable":true,"href":"https:\/\/planted-box.com\/fr\/wp-json\/wp\/v2\/users\/2"}],"replies":[{"embeddable":true,"href":"https:\/\/planted-box.com\/fr\/wp-json\/wp\/v2\/comments?post=126278"}],"version-history":[{"count":5,"href":"https:\/\/planted-box.com\/fr\/wp-json\/wp\/v2\/pages\/126278\/revisions"}],"predecessor-version":[{"id":129595,"href":"https:\/\/planted-box.com\/fr\/wp-json\/wp\/v2\/pages\/126278\/revisions\/129595"}],"wp:attachment":[{"href":"https:\/\/planted-box.com\/fr\/wp-json\/wp\/v2\/media?parent=126278"}],"curies":[{"name":"wp","href":"https:\/\/api.w.org\/{rel}","templated":true}]}}