{"id":126170,"date":"2018-10-21T16:22:16","date_gmt":"2018-10-21T14:22:16","guid":{"rendered":"https:\/\/planted-box.com\/ebooks\/"},"modified":"2025-01-16T15:52:17","modified_gmt":"2025-01-16T14:52:17","slug":"ebooks","status":"publish","type":"page","link":"https:\/\/planted-box.com\/fr\/ebooks\/","title":{"rendered":"E-books \u00e0 t\u00e9l\u00e9charger gratuitement"},"content":{"rendered":"","protected":false},"excerpt":{"rendered":"","protected":false},"author":2,"featured_media":0,"parent":0,"menu_order":0,"comment_status":"closed","ping_status":"closed","template":"tpl-flexiblecontent.php","meta":{"_acf_changed":false,"bwfblock_default_font":"","footnotes":""},"class_list":["post-126170","page","type-page","status-publish","hentry"],"acf":[],"_links":{"self":[{"href":"https:\/\/planted-box.com\/fr\/wp-json\/wp\/v2\/pages\/126170","targetHints":{"allow":["GET"]}}],"collection":[{"href":"https:\/\/planted-box.com\/fr\/wp-json\/wp\/v2\/pages"}],"about":[{"href":"https:\/\/planted-box.com\/fr\/wp-json\/wp\/v2\/types\/page"}],"author":[{"embeddable":true,"href":"https:\/\/planted-box.com\/fr\/wp-json\/wp\/v2\/users\/2"}],"replies":[{"embeddable":true,"href":"https:\/\/planted-box.com\/fr\/wp-json\/wp\/v2\/comments?post=126170"}],"version-history":[{"count":5,"href":"https:\/\/planted-box.com\/fr\/wp-json\/wp\/v2\/pages\/126170\/revisions"}],"predecessor-version":[{"id":144511,"href":"https:\/\/planted-box.com\/fr\/wp-json\/wp\/v2\/pages\/126170\/revisions\/144511"}],"wp:attachment":[{"href":"https:\/\/planted-box.com\/fr\/wp-json\/wp\/v2\/media?parent=126170"}],"curies":[{"name":"wp","href":"https:\/\/api.w.org\/{rel}","templated":true}]}}