{"id":126023,"date":"2019-01-05T13:14:38","date_gmt":"2019-01-05T12:14:38","guid":{"rendered":"https:\/\/planted-box.com\/algemene-voorwaarden-van-het-plantedbox-ambassadeursprogramma\/"},"modified":"2022-03-14T16:50:07","modified_gmt":"2022-03-14T15:50:07","slug":"conditions-generales-programme-ambassadeur","status":"publish","type":"page","link":"https:\/\/planted-box.com\/fr\/conditions-generales-programme-ambassadeur\/","title":{"rendered":"Conditions g\u00e9n\u00e9rales du programme ambassadeur de PlantedBox"},"content":{"rendered":"<p>En tant qu&rsquo;ambassadeur autoris\u00e9 de PlantedBox (ScapeDesign bvba), l&rsquo;ambassadeur accepte les conditions g\u00e9n\u00e9rales \u00e9nonc\u00e9es ci-dessous.<\/p>\n<h2>Article 1 &#8211; D\u00e9finitions<\/h2>\n<p><strong>Ambassadeur<\/strong> : une personne physique qui a accept\u00e9 les termes et conditions du Programme Ambassadeur PlantedBox et qui a \u00e9t\u00e9 accept\u00e9e par PlantedBox en tant qu&rsquo;ambassadeur.<\/p>\n<p><strong>Programme ambassadeur<\/strong> : le programme dans lequel un ambassadeur re\u00e7oit une commission pour la vente de produits \u00e0 des personnes physiques.<\/p>\n<p><strong>Produits PlantedBox<\/strong> : tous les produits disponibles \u00e0 la vente sur le site Web de PlantedBox.<\/p>\n<p><strong>Portail ambassadeur<\/strong> : toute application d\u00e9sign\u00e9e par PlantedBox disponible sur le site Internet de PlantedBox et \u00e0 laquelle l&rsquo;Ambassadeur autoris\u00e9 a acc\u00e8s.<\/p>\n<p><strong>Contenu<\/strong> : tout le mat\u00e9riel publicitaire, les textes, les images, les publications produits par l&rsquo;ambassadeur pour promouvoir les produits PlantedBox et le programme Ambassadeur.<\/p>\n<p><strong>Mat\u00e9riel publicitaire<\/strong> : tout le mat\u00e9riel publicitaire, les textes, les images, les publications mis \u00e0 la disposition de l&rsquo;ambassadeur par PlantedBox sur le portail des ambassadeurs.<\/p>\n<p><strong>Compte ambassadeur<\/strong> : le compte qui permet \u00e0 l&rsquo;Ambassadeur d&rsquo;acc\u00e9der au portail Ambassadeur<\/p>\n<p><strong>Liens ambassadeur<\/strong> : les liens personnalis\u00e9s qu&rsquo;un ambassadeur peut cr\u00e9er dans le portail ambassadeur pour promouvoir les produits PlantedBox et le programme ambassadeur.<\/p>\n<p><strong>Cookie de premi\u00e8re partie<\/strong> : un cookie plac\u00e9 sur l&rsquo;ordinateur du client \u00e0 la suite de la visite du site Web de PlantedBox par le client via un lien ambassadeur.<\/p>\n<p><strong>Client<\/strong> : une personne physique qui utilise le lien Ambassador pour acc\u00e9der au site Internet de PlantedBox et qui peut donc commander des produits PlantedBox.<\/p>\n<h2>Article 2 &#8211; Enregistrement, approbation et rejet<\/h2>\n<ol>\n<li>L&rsquo;inscription au programme Ambassadeur de PlantedBox implique que l&rsquo;Ambassadeur accepte et respecte les conditions g\u00e9n\u00e9rales du programme Ambassadeur.<\/li>\n<li>Pour \u00eatre inscrit et accept\u00e9 en tant qu&rsquo;ambassadeur autoris\u00e9, l&rsquo;ambassadeur doit : remplir le formulaire d&rsquo;inscription de mani\u00e8re v\u00e9ridique, confirmer qu&rsquo;il ou elle accepte et respectera les termes et conditions.<\/li>\n<li>PlantedBox se r\u00e9serve le droit de rejeter toute candidature au programme d&rsquo;ambassadeur PlantedBox \u00e0 tout moment sans en donner la raison. Les personnes qui pr\u00e9sentent une demande et sont rejet\u00e9es n&rsquo;ont aucun recours juridique.<\/li>\n<li>Les circonstances suivantes entra\u00eeneront le refus imm\u00e9diat de l&rsquo;enregistrement : contenu \u00e0 caract\u00e8re sexuel, offensant ou violent, contenu contraire \u00e0 l&rsquo;ordre public et\/ou aux bonnes m\u0153urs, contenu discriminatoire en fonction de la race, du sexe, de la religion et\/ou de la croyance, contenu faisant la promotion ou la publicit\u00e9 d&rsquo;activit\u00e9s ill\u00e9gales, contenu susceptible de porter atteinte au nom et \u00e0 la r\u00e9putation de PlantedBox, contenu violant les droits de propri\u00e9t\u00e9 intellectuelle, les droits de marque ou d&rsquo;autres droits de PlantedBox ou de tiers, contenu faisant un usage abusif du nom de PlantedBox ou de toutes ses variantes.<\/li>\n<li>Si un ambassadeur est d\u00e9j\u00e0 enregistr\u00e9 et autoris\u00e9, un deuxi\u00e8me enregistrement sera refus\u00e9.<\/li>\n<li>L&rsquo;existence ou non d&rsquo;une ou plusieurs de ces circonstances est \u00e0 la seule discr\u00e9tion de PlantedBox.<\/li>\n<\/ol>\n<h2>Article 3 &#8211; Utilisation<\/h2>\n<ol>\n<li>L&rsquo;ambassadeur doit indiquer clairement que tous les articles dont il fait la promotion ne sont pas fabriqu\u00e9s et vendus par lui, mais par PlantedBox.<br \/>\nLes ambassadeurs ne re\u00e7oivent le droit d&rsquo;utiliser les supports publicitaires PlantedBox disponibles sur le portail des ambassadeurs que tant qu&rsquo;ils sont des ambassadeurs autoris\u00e9s et qu&rsquo;ils ont accept\u00e9 les termes et conditions du programme des ambassadeurs.<\/li>\n<li>L&rsquo;ambassadeur n&rsquo;apportera aucune modification au mat\u00e9riel publicitaire et n&rsquo;utilisera jamais ce mat\u00e9riel d&rsquo;une mani\u00e8re trompeuse ou nuisible.<\/li>\n<li>En acceptant ces termes et conditions, l&rsquo;Ambassadeur reconna\u00eet que tous les droits de propri\u00e9t\u00e9 intellectuelle de PlantedBox sont et resteront la propri\u00e9t\u00e9 de PlantedBox.<\/li>\n<li>L&rsquo;Ambassadeur respectera les droits de propri\u00e9t\u00e9 intellectuelle et tous les autres droits de nature exclusive de PlantedBox.<\/li>\n<li>L&rsquo;ambassadeur n&rsquo;est pas autoris\u00e9 \u00e0 utiliser le nom de PlantedBox ou toute variation de celui-ci et le nom des produits PlantedBox ou toute variation de celui-ci comme convention de d\u00e9nomination pour tout site web ou nom de domaine d&rsquo;un tiers.<\/li>\n<li>L&rsquo;ambassadeur n&rsquo;est pas autoris\u00e9 \u00e0 utiliser le nom de PlantedBox ou toute variante de celui-ci et le nom des produits PlantedBox ou toute variante de celui-ci comme mot-cl\u00e9 pour des programmes publicitaires tels que, mais sans s&rsquo;y limiter, Google Ads.<\/li>\n<li>L&rsquo;ambassadeur n&rsquo;est pas autoris\u00e9 \u00e0 utiliser le nom de PlantedBox ou toute variation de celui-ci et le nom des produits PlantedBox ou toute variation de celui-ci comme mot-cl\u00e9 pour d&rsquo;autres plateformes en ligne.<\/li>\n<li>L&rsquo;ambassadeur ne doit pas utiliser les textes et les images disponibles sur le site Internet de PlantedBox ou des variantes de ceux-ci pour des sites Internet ou des noms de domaine de tiers.<\/li>\n<li>Les prix des produits PlantedBox peuvent changer r\u00e9guli\u00e8rement. L&rsquo;Ambassadeur doit s&rsquo;assurer que les prix et la disponibilit\u00e9 des produits PlantedBox list\u00e9s dans le contenu de l&rsquo;Ambassadeur sont mis \u00e0 jour \u00e0 tout moment pour refl\u00e9ter les prix et le d\u00e9lai de livraison de PlantedBox.<\/li>\n<li>L&rsquo;ambassadeur n&rsquo;est pas autoris\u00e9 \u00e0 acheter directement ou indirectement des produits PlantedBox pour son usage personnel aupr\u00e8s de PlantedBox par le biais de ses liens d&rsquo;ambassadeur.<\/li>\n<li>L&rsquo;ambassadeur n&rsquo;est pas autoris\u00e9 \u00e0 transf\u00e9rer ou \u00e0 vendre son compte sans en informer PlantedBox.<\/li>\n<li>L&rsquo;ambassadeur n&rsquo;est pas autoris\u00e9 \u00e0 intercepter de quelque mani\u00e8re que ce soit les visiteurs du site Internet de PlantedBox (par exemple en utilisant un logiciel) afin de recevoir des commissions ill\u00e9gales.<\/li>\n<li>Un ambassadeur doit \u00e0 tout moment \u00eatre en mesure de fournir, \u00e0 la demande de PlantedBox, un aper\u00e7u de ses activit\u00e9s li\u00e9es \u00e0 la promotion de PlantedBox. Si cet aper\u00e7u ne peut \u00eatre donn\u00e9 ou s&rsquo;il est en violation des termes et conditions du Programme Ambassadeur PlantedBox, PlantedBox sera en droit de bloquer le compte Ambassadeur.<\/li>\n<li>L&rsquo;ambassadeur indemnisera pleinement PlantedBox pour tout dommage et\/ou co\u00fbt de toute nature r\u00e9sultant du non-respect de l&rsquo;une des obligations du pr\u00e9sent article.<\/li>\n<\/ol>\n<h2>Article 4 &#8211; Commissions<\/h2>\n<ol>\n<li>PlantedBox mesure les ventes \u00e0 l&rsquo;aide d&rsquo;un cookie de premi\u00e8re partie. Le cookie de premi\u00e8re partie a g\u00e9n\u00e9ralement une dur\u00e9e de vie de 7 jours. PlantedBox se r\u00e9serve le droit de modifier l&rsquo;heure du Cookie et de maintenir des heures de Cookie diff\u00e9rentes pour les Ambassadeurs.<\/li>\n<li>L&rsquo;ambassadeur a droit \u00e0 une commission sur tous les produits PlantedBox achet\u00e9s par un client sur le site Web de PlantedBox imm\u00e9diatement apr\u00e8s avoir cliqu\u00e9 sur le lien Ambassadeur ou dans le d\u00e9lai du Cookie de la premi\u00e8re partie. Le principe du dernier cookie qui compte s&rsquo;applique ici.<\/li>\n<li>Si le client retourne les produits PlantedBox et\/ou si le paiement est annul\u00e9 pour une raison quelconque, l&rsquo;ambassadeur ne peut plus r\u00e9clamer la commission correspondante et la commission en attente sera rejet\u00e9e.<\/li>\n<li>La commission est calcul\u00e9e sur la valeur de vente re\u00e7ue par PlantedBox des produits PlantedBox non \u00e9chang\u00e9s, hors TVA et hors frais de transport.<\/li>\n<li>Le montant de la commission sera convenu avec PlantedBox par ambassadeur.<\/li>\n<li>Le montant de la commission peut \u00eatre ajust\u00e9 \u00e0 tout moment par PlantedBox sans donner de raison. PlantedBox informera les Ambassadeurs par voie \u00e9lectronique de ces changements.<\/li>\n<li>La commission ne sera pas accord\u00e9e aux commandes (en gros) d&rsquo;un client commercial.<\/li>\n<\/ol>\n<h2>Article 5 &#8211; Paiements<\/h2>\n<ol>\n<li>Les commissions seront pay\u00e9es trimestriellement, ou en fonction de PlantedBox.<\/li>\n<li>Les paiements seront effectu\u00e9s sur le num\u00e9ro de compte bancaire de l&rsquo;Ambassadeur si celui-ci l&rsquo;a indiqu\u00e9 et est enregistr\u00e9 comme tel aupr\u00e8s de PlantedBox. L&rsquo;ambassadeur doit \u00e9galement fournir son num\u00e9ro d&rsquo;enregistrement national.<\/li>\n<li>Le paiement en produits PlantedBox ou en bons d&rsquo;achat de tiers est \u00e9galement possible et en accord avec PlantedBox.<\/li>\n<li>PlantedBox effectuera le paiement \u00e0 l&rsquo;Ambassadeur lorsque le Client aura rempli ses obligations (de paiement) concernant les produits PlantedBox envers PlantedBox et si le paiement en question a \u00e9t\u00e9 effectivement re\u00e7u et que la p\u00e9riode de remboursement de 30 jours apr\u00e8s r\u00e9ception a expir\u00e9 sans l&rsquo;\u00e9change des produits PlantedBox en question.<\/li>\n<li>Les frais de paiement \u00e9ventuels sont \u00e0 la charge de l&rsquo;ambassadeur.<\/li>\n<\/ol>\n<h2>Article 6 &#8211; R\u00e9siliation<\/h2>\n<ol>\n<li>PlantedBox a le droit, \u00e0 tout moment, de mettre fin &#8211; sans donner de raisons &#8211; au statut d&rsquo;ambassadeur en vertu des pr\u00e9sentes conditions g\u00e9n\u00e9rales par e-mail.<\/li>\n<li>L&rsquo;Ambassadeur peut \u00e0 tout moment &#8211; sans donner de raisons &#8211; mettre fin \u00e0 son partenariat en envoyant un e-mail \u00e0 partir de l&rsquo;adresse e-mail qu&rsquo;il a fournie \u00e0 gilles@planted-box.com avec le titre \u00ab\u00a0Fin du programme Ambassadeur\u00a0\u00bb.<\/li>\n<li>Le statut d&rsquo;ambassadeur au sens des pr\u00e9sentes conditions g\u00e9n\u00e9rales prend fin imm\u00e9diatement et automatiquement en cas d&rsquo;interruption du programme d&rsquo;ambassadeur pour quelque raison que ce soit.<\/li>\n<li>Les circonstances suivantes entra\u00eenent imm\u00e9diatement la fin du programme d&rsquo;ambassadeur : les contenus \u00e0 caract\u00e8re sexuel, offensant ou violent, les contenus portant atteinte \u00e0 l&rsquo;ordre public et\/ou aux bonnes m\u0153urs, les contenus discriminatoires en fonction de la race, du sexe, de la religion et\/ou de la croyance, les contenus faisant la promotion ou la publicit\u00e9 d&rsquo;activit\u00e9s ill\u00e9gales, les contenus pouvant porter atteinte au nom, \u00e0 la cr\u00e9dibilit\u00e9 et\/ou \u00e0 la r\u00e9putation de PlantedBox, les contenus violant les droits de propri\u00e9t\u00e9 intellectuelle, les droits de marque ou d&rsquo;autres droits de PlantedBox ou de tiers, les contenus faisant un usage abusif du nom de PlantedBox ou de toutes ses variantes, le spamming (courriers \u00e9lectroniques de masse, publications de masse dans des groupes de m\u00e9dias sociaux et des groupes de discussion, etc. ), les auto-r\u00e9f\u00e9rences, les transactions frauduleuses et les suspicions de fraude.<\/li>\n<li>L&rsquo;application ou non d&rsquo;une ou plusieurs de ces circonstances est \u00e0 la discr\u00e9tion exclusive de PlantedBox.<\/li>\n<li>Si le portail Ambassador est entrav\u00e9 de quelque mani\u00e8re que ce soit &#8211; comme d\u00e9termin\u00e9 par PlantedBox &#8211; par l&rsquo;installation et\/ou l&rsquo;utilisation de liens Ambassador, PlantedBox est en droit de bloquer ou de supprimer le compte de l&rsquo;Ambassadeur en question.<\/li>\n<\/ol>\n<h2>Article 7 &#8211; Responsabilit\u00e9<\/h2>\n<ol>\n<li>L&rsquo;ambassadeur est enti\u00e8rement responsable de l&rsquo;utilisation, du d\u00e9veloppement, du fonctionnement et du contenu des liens et du contenu de l&rsquo;ambassadeur.<\/li>\n<li>L&rsquo;ambassadeur garantit que toutes les obligations pr\u00e9vues par la l\u00e9gislation fiscale sont respect\u00e9es et indemnise PlantedBox de toutes les r\u00e9clamations et\/ou co\u00fbts\/amendes.<\/li>\n<li>Sauf intention et\/ou n\u00e9gligence grave de la part de PlantedBox, PlantedBox ne sera en aucun cas responsable des dommages et\/ou co\u00fbts de toute nature encourus par l&rsquo;Ambassadeur dans le cadre de sa participation au Programme Ambassadeur, tels que &#8211; mais sans s&rsquo;y limiter &#8211; les dommages et co\u00fbts r\u00e9sultant d&rsquo;un mauvais fonctionnement du Portail Ambassadeur, de dysfonctionnements techniques, etc.<\/li>\n<li>Dans le cas o\u00f9 cette exclusion g\u00e9n\u00e9rale de responsabilit\u00e9 serait annul\u00e9e par un juge comp\u00e9tent, les parties conviennent que PlantedBox ne sera dans ce cas responsable que des dommages\/d\u00e9penses directs d\u00e9montrables encourus (\u00e0 l&rsquo;exclusion des dommages\/d\u00e9penses indirects) et cette responsabilit\u00e9 pour ces dommages\/d\u00e9penses directs ne d\u00e9passera jamais au total le montant des commissions pay\u00e9es par PlantedBox \u00e0 l&rsquo;Ambassadeur au cours des trois (3) mois pr\u00e9c\u00e9dant la cause du dommage\/d\u00e9pense.<\/li>\n<\/ol>\n<h2>Article 8 &#8211; Divers<\/h2>\n<ol>\n<li>L&rsquo;ambassadeur ne doit jamais se faire passer pour un repr\u00e9sentant ou un employ\u00e9 de PlantedBox et, en particulier, ne doit faire aucune promesse ni contracter aucune obligation pour ou au nom de PlantedBox. L&rsquo;ambassadeur indemnisera pleinement PlantedBox pour tout dommage et\/ou frais de toute nature r\u00e9sultant du non-respect du pr\u00e9sent article.<\/li>\n<li>L&rsquo;ambassadeur est autoris\u00e9 \u00e0 se faire passer pour un \u00ab\u00a0ambassadeur\u00a0\u00bb de PlantedBox.<\/li>\n<li>PlantedBox est \u00e0 tout moment en droit de modifier les conditions du programme Ambassadeur. L&rsquo;ambassadeur sera inform\u00e9 par voie \u00e9lectronique.<\/li>\n<li>Si les conditions modifi\u00e9es du programme d&rsquo;ambassadeur ne sont pas acceptables pour l&rsquo;ambassadeur, ce dernier a le droit de mettre fin imm\u00e9diatement \u00e0 son statut d&rsquo;ambassadeur.<\/li>\n<li>Si l&rsquo;ambassadeur ne r\u00e9silie pas son parrainage, il est r\u00e9put\u00e9 avoir accept\u00e9 les conditions modifi\u00e9es du programme Ambassadeur.<\/li>\n<\/ol>\n<h2>Article 9 &#8211; Confidentialit\u00e9<\/h2>\n<ol>\n<li>L&rsquo;ambassadeur ne doit pas, sans autorisation \u00e9crite pr\u00e9alable, utiliser ou divulguer \u00e0 des tiers les informations obtenues directement ou indirectement dans le cadre de la mission au sens large.<\/li>\n<\/ol>\n<h2>Article 10 &#8211; Juridiction comp\u00e9tente et droit applicable<\/h2>\n<ol>\n<li>Pour tous les litiges, seuls les tribunaux de l&rsquo;arrondissement judiciaire d&rsquo;Anvers, ou le tribunal choisi par PlantedBox, sont comp\u00e9tents. Le droit belge est applicable \u00e0 tout moment.<\/li>\n<\/ol>\n","protected":false},"excerpt":{"rendered":"<p>En tant qu&rsquo;ambassadeur autoris\u00e9 de PlantedBox (ScapeDesign bvba), l&rsquo;ambassadeur accepte les conditions g\u00e9n\u00e9rales \u00e9nonc\u00e9es ci-dessous. Article 1 &#8211; D\u00e9finitions Ambassadeur : une personne physique qui a accept\u00e9 les termes et conditions du Programme Ambassadeur PlantedBox et qui a &hellip;<\/p>\n","protected":false},"author":2,"featured_media":0,"parent":0,"menu_order":0,"comment_status":"closed","ping_status":"closed","template":"","meta":{"_acf_changed":false,"bwfblock_default_font":"","footnotes":""},"class_list":["post-126023","page","type-page","status-publish","hentry"],"acf":[],"_links":{"self":[{"href":"https:\/\/planted-box.com\/fr\/wp-json\/wp\/v2\/pages\/126023","targetHints":{"allow":["GET"]}}],"collection":[{"href":"https:\/\/planted-box.com\/fr\/wp-json\/wp\/v2\/pages"}],"about":[{"href":"https:\/\/planted-box.com\/fr\/wp-json\/wp\/v2\/types\/page"}],"author":[{"embeddable":true,"href":"https:\/\/planted-box.com\/fr\/wp-json\/wp\/v2\/users\/2"}],"replies":[{"embeddable":true,"href":"https:\/\/planted-box.com\/fr\/wp-json\/wp\/v2\/comments?post=126023"}],"version-history":[{"count":3,"href":"https:\/\/planted-box.com\/fr\/wp-json\/wp\/v2\/pages\/126023\/revisions"}],"predecessor-version":[{"id":126026,"href":"https:\/\/planted-box.com\/fr\/wp-json\/wp\/v2\/pages\/126023\/revisions\/126026"}],"wp:attachment":[{"href":"https:\/\/planted-box.com\/fr\/wp-json\/wp\/v2\/media?parent=126023"}],"curies":[{"name":"wp","href":"https:\/\/api.w.org\/{rel}","templated":true}]}}